{"id":1997,"date":"2015-08-12T11:05:57","date_gmt":"2015-08-12T10:05:57","guid":{"rendered":"http:\/\/www.ibermetais.pt\/?page_id=1997"},"modified":"2018-10-24T16:06:35","modified_gmt":"2018-10-24T15:06:35","slug":"empresa","status":"publish","type":"page","link":"https:\/\/www.ibermetais.pt\/de\/empresa\/","title":{"rendered":"Unternehmen"},"content":{"rendered":"<div class=\"row \">\n<div class=\"span12 \"><img decoding=\"async\" src=\"http:\/\/www.ibermetais.pt\/wp-content\/uploads\/2015\/08\/fachada-ibermetais.png\" alt=\"fachada-ibermetais\" height=\"213\" class=\"alignright size-full wp-image-2007\" srcset=\"https:\/\/www.ibermetais.pt\/wp-content\/uploads\/2015\/08\/fachada-ibermetais.png 320w, https:\/\/www.ibermetais.pt\/wp-content\/uploads\/2015\/08\/fachada-ibermetais-300x200.png 300w\" sizes=\"(max-width: 320px) 100vw, 320px\" \/><\/p>\n<p style=\"text-align: justify;\">Das Unternehmen <strong>IBERMETAIS <\/strong>hat Ihre Aktivit\u00e4t im Jahr 1971 angefangen. In der 90er Jahren, und aufmerksam auf die Marktentwicklung, hat sich die Fabrik mit Technologie ausger\u00fcstet, um die Anforderungen des Drahtesmarkt gerecht zu werden, sodass im Jahr 1999 die Zertifizierung erhalten wurde.<\/p>\n<p style=\"text-align: justify;\">Heute wird IBERMETAIS auf dem iberischen Markt f\u00fcr die Glaubw\u00fcrdigkeit ihrer Produkte und f\u00fcr das entsprechende Service angepasst an die Anforderungen der Zukunft erkannt und akzeptiert.<\/p>\n<p style=\"text-align: justify;\">Wir haben als Gesch\u00e4ftspartner moderne metallurgische und Metallindustrie, Pressen von verschiedenen Produkten, Warenh\u00e4user f\u00fcr den Bau und die landwirtschaftliche Betreiber.<\/p>\n<p style=\"text-align: justify;\"><strong><em>Wir arbeiten weiterhin um das Vertrauen, die der Markt verlangt, zu verdienen.<\/em><\/strong><\/p>\n<p style=\"text-align: justify;\">Ibermetais, Ind\u00fastria de Trefilagem S.A., hat die Steueridentifikationsnummer - 500 135 932, und ist im Handelsregister des Bezirks von Pa\u00e7os Ferreira unter der Nummer 47 eingetragen.<\/p><\/div>\n<\/div><!-- .row (end) -->\n<div class=\"content-page\"><\/div>","protected":false},"excerpt":{"rendered":"","protected":false},"author":9009999101003,"featured_media":0,"parent":0,"menu_order":0,"comment_status":"closed","ping_status":"closed","template":"page-fullwidth.php","meta":{"footnotes":""},"class_list":["post-1997","page","type-page","status-publish","hentry"],"_links":{"self":[{"href":"https:\/\/www.ibermetais.pt\/de\/wp-json\/wp\/v2\/pages\/1997","targetHints":{"allow":["GET"]}}],"collection":[{"href":"https:\/\/www.ibermetais.pt\/de\/wp-json\/wp\/v2\/pages"}],"about":[{"href":"https:\/\/www.ibermetais.pt\/de\/wp-json\/wp\/v2\/types\/page"}],"author":[{"embeddable":true,"href":"https:\/\/www.ibermetais.pt\/de\/wp-json\/wp\/v2\/users\/9009999101003"}],"replies":[{"embeddable":true,"href":"https:\/\/www.ibermetais.pt\/de\/wp-json\/wp\/v2\/comments?post=1997"}],"version-history":[{"count":27,"href":"https:\/\/www.ibermetais.pt\/de\/wp-json\/wp\/v2\/pages\/1997\/revisions"}],"predecessor-version":[{"id":14862,"href":"https:\/\/www.ibermetais.pt\/de\/wp-json\/wp\/v2\/pages\/1997\/revisions\/14862"}],"wp:attachment":[{"href":"https:\/\/www.ibermetais.pt\/de\/wp-json\/wp\/v2\/media?parent=1997"}],"curies":[{"name":"wp","href":"https:\/\/api.w.org\/{rel}","templated":true}]}}