{"id":2014,"date":"2015-08-12T11:40:54","date_gmt":"2015-08-12T10:40:54","guid":{"rendered":"http:\/\/www.ibermetais.pt\/?page_id=2014"},"modified":"2018-10-24T17:23:26","modified_gmt":"2018-10-24T16:23:26","slug":"estrategia","status":"publish","type":"page","link":"https:\/\/www.ibermetais.pt\/de\/empresa\/estrategia\/","title":{"rendered":"Strategie"},"content":{"rendered":"<div class=\"row \">\n<div class=\"span12 \"><p style=\"text-align: justify;\">Die IBERMETAIS wurde im Juni 2007 von Fapricela erworben. Das Ziel war nicht nur seine Produkte zu erweitern, sondern auch die \u00dcberzeugung in der Lage zu sein, ein Business-Hub in die Zieherei Branche zu schaffen. Sodass sie die nationale F\u00fchrung st\u00e4rken k\u00f6nnen und eine bedeutende internationale Pr\u00e4senz gewinnen k\u00f6nnen, verk\u00f6rpert auf der sogenannten Fapricela Industrie Gruppe.<\/p>\n<p style=\"text-align: justify;\">Die Konzernziele sind transparent, die derzeit das Hinzuf\u00fcgen dieser beiden Unternehmen mit Know-how und Ressourcen, die in Verbindung arbeiten mit dem Ziel den Zieherei-Sektor zu st\u00e4rken und zu verbessern.<\/p>\n<p style=\"text-align: justify;\">Unter Ausnutzung des \"Know-how\" von Fapricela - Ind\u00fastria de Trefilaria, S.A. und an Ibermetais die Herstellung neue Produkte zu zuweisen, oder die Verbesserung der bestehenden Produkten, neue Technologien, neue Produzierungsprozesse, neue M\u00e4rkte, einschlie\u00dflich Phasen in der Konzeptionsproduktion, Verteilung und Vermarktung, und damit im Technologiebereich eine Spitzenposition sichern. Die Fapricela Industrie Gruppe erfordert sich selbst einen erheblichen Aufwand f\u00fcr die Zusammenarbeit zwischen Unternehmen, wo Wissen und Innovation notwendig und unverzichtbar Attribute sind, um die Bildung von Wettbewerbsf\u00e4higkeitsebene, die f\u00e4hig sind, Produkte und Dienstleistungen zu entwerfen, gezielt auf den nationalen Markt, sondern auch und vor allem auf den internationalen Markt.<\/p>\n<p style=\"text-align: justify;\">Zusammengefasst, die Ziele der Fapricela Industrie Gruppe, die Konsolidierung der F\u00e4higkeiten in der Innovation und das Erh\u00f6hen der Exportevolumen als Ganzes mit einer signifikanten Pr\u00e4senz, sind wesentliche Merkmale f\u00fcr die Erstellung, die Entwicklung und die Nachhaltigkeit in der Industrie, in denen sie t\u00e4tig ist.<\/p><\/div>\n<\/div><!-- .row (end) -->\n<div class=\"content-page\"><\/div>","protected":false},"excerpt":{"rendered":"","protected":false},"author":9009999101003,"featured_media":0,"parent":1997,"menu_order":0,"comment_status":"closed","ping_status":"closed","template":"page-fullwidth.php","meta":{"footnotes":""},"class_list":["post-2014","page","type-page","status-publish","hentry"],"_links":{"self":[{"href":"https:\/\/www.ibermetais.pt\/de\/wp-json\/wp\/v2\/pages\/2014","targetHints":{"allow":["GET"]}}],"collection":[{"href":"https:\/\/www.ibermetais.pt\/de\/wp-json\/wp\/v2\/pages"}],"about":[{"href":"https:\/\/www.ibermetais.pt\/de\/wp-json\/wp\/v2\/types\/page"}],"author":[{"embeddable":true,"href":"https:\/\/www.ibermetais.pt\/de\/wp-json\/wp\/v2\/users\/9009999101003"}],"replies":[{"embeddable":true,"href":"https:\/\/www.ibermetais.pt\/de\/wp-json\/wp\/v2\/comments?post=2014"}],"version-history":[{"count":14,"href":"https:\/\/www.ibermetais.pt\/de\/wp-json\/wp\/v2\/pages\/2014\/revisions"}],"predecessor-version":[{"id":14866,"href":"https:\/\/www.ibermetais.pt\/de\/wp-json\/wp\/v2\/pages\/2014\/revisions\/14866"}],"up":[{"embeddable":true,"href":"https:\/\/www.ibermetais.pt\/de\/wp-json\/wp\/v2\/pages\/1997"}],"wp:attachment":[{"href":"https:\/\/www.ibermetais.pt\/de\/wp-json\/wp\/v2\/media?parent=2014"}],"curies":[{"name":"wp","href":"https:\/\/api.w.org\/{rel}","templated":true}]}}