{"id":2016,"date":"2015-08-12T11:42:06","date_gmt":"2015-08-12T11:42:06","guid":{"rendered":"http:\/\/www.ibermetais.pt\/?page_id=2016"},"modified":"2018-10-24T16:03:59","modified_gmt":"2018-10-24T15:03:59","slug":"grupo-fapricela-industria","status":"publish","type":"page","link":"https:\/\/www.ibermetais.pt\/de\/empresa\/grupo-fapricela-industria\/","title":{"rendered":"Fapricela Industrie Gruppe"},"content":{"rendered":"<div class=\"row \">\n<div class=\"span12 \"><img decoding=\"async\" src=\"http:\/\/www.ibermetais.pt\/wp-content\/uploads\/2015\/08\/Fapricela_Industria1.png\" alt=\"Fapricela_Industria\" height=\"183\" class=\"alignleft size-full wp-image-2024\" style=\"width: 300px; border-radius: 15px 15px 15px 15px; box-shadow: 0px 1px 20px 2px black; -webkit-box-shadow: 0px 1px 20px 2px black; -moz-box-shadow: 0px 1px 20px 2px black;\" srcset=\"https:\/\/www.ibermetais.pt\/wp-content\/uploads\/2015\/08\/Fapricela_Industria1.png 383w, https:\/\/www.ibermetais.pt\/wp-content\/uploads\/2015\/08\/Fapricela_Industria1-300x143.png 300w\" sizes=\"(max-width: 383px) 100vw, 383px\" \/><\/p>\n<p style=\"text-align: justify;\">A Das Familienunternehmen <strong>Fapricela - Ind\u00fastria de Trefilaria, S.A.<\/strong> gegr\u00fcndet in 1977, begann ihre Aktivit\u00e4t fast ausschlie\u03b2lich mit der Produktion von N\u00e4geln. Im Laufe der Jahre, und mit ihrer Aufwertung, w\u00fcrden neue Produkte in ihrer Produktion integriert, als Resultat der Ver\u00e4nderungen der Marktanforderungen: Drahtzaun; Draht; Betonstahlmatten; Spannstahldraht und Spannstahllitze f\u00fcrs vor- und post- Spannung und Federdraht.\n<\/p>\n<p style=\"text-align: justify;\">Tats\u00e4chlich, im Laufe seiner Geschichte hat das Unternehmen sich durch die Qualit\u00e4t der Produkte, durch die kontinuierliche Investitionen unterscheidet. Das Unternehmen hat sich f\u00fcr die Kombination zwischen Innovation un Hochtechnologie eingesetzt (Automatisierungstechnik), sowie eine systematische Qualit\u00e4tskontrolle. Dies sind die Koordinaten, die Sie derzeit die Annahme, als einer der gr\u00f6\u00dften in Europa Ziehereien erm\u00f6glichen, mit eine Produktion f\u00fcr den inl\u00e4ndischen und ausl\u00e4ndischen M\u00e4rkten gerichtet, und mit einem Umsatz von rund 125 Millionen \u20ac, im Gegensatz zu die 9980\u20ac, die im Jahr 1977 berechnet wurde.\n<\/p>\n<p style=\"text-align: justify;\">Die Fapricela Einrichtungen besetzen eine \u00fcberdachte Fl\u00e4che von 90.000m<sup>2<\/sup>, und das umliegende Land besitzt ca. 200.000m<sup>2<\/sup>. Zur Zeit hat das Unternehmen ca. 320 Mitarbeiter, was Sie zu einer der gr\u00f6\u00dften Arbeitgeber in der Region von Zentrum macht. Das Unternehmen nimmt immer mehr als Ideal an, das Produzieren mit Qualit\u00e4t und die Anforderungen erf\u00fcllen.\n<\/p>\n<h5>Ibermetais Zieherei Industrie<\/h5>\n<p><img decoding=\"async\" src=\"http:\/\/www.ibermetais.pt\/wp-content\/uploads\/2015\/08\/entrada-ibermetais.png\" alt=\"entrada-ibermetais\" height=\"247\" class=\"alignright size-full wp-image-2030\" srcset=\"https:\/\/www.ibermetais.pt\/wp-content\/uploads\/2015\/08\/entrada-ibermetais.png 370w, https:\/\/www.ibermetais.pt\/wp-content\/uploads\/2015\/08\/entrada-ibermetais-300x200.png 300w\" sizes=\"(max-width: 370px) 100vw, 370px\" \/><\/p>\n<p style=\"text-align: justify;\">Im Juni 2007, das Unternehmen Ibermetais Ind\u00fastria de Trefilagem, S.A., gegr\u00fcndet in 1971, die in Freamunde - Pa\u00e7os de Ferreira liegt, wird von Fapricela erworben. Das Unternehmen widmet sich auf Drahtziehereien von \u201cweiche St\u00e4hle\u201d (nicht legiertem Stahl), mit niedrigem Kohlenstoffgehalt (Blankstahl, schwarz gegl\u00fchter Draht und Stahldrahtfasern).<\/p>\n<p style=\"text-align: justify;\">Ibermetais ist eines der \u00e4ltesten Unternehmen in der Region und besch\u00e4ftigt derzeit 93 Mitarbeiter. Es hat einer \u00fcberdachten Fl\u00e4che von 20.000m<sup>2<\/sup> und 50.000m<sup>2<\/sup> Land umgeben. Im Jahr 2015 hat Ibermetais einen Umsatz von 15.000.000\u20ac, wobei 60% deer Produktion wird exportiert.\n<\/p><\/div>\n<\/div><!-- .row (end) -->\n<div class=\"content-page\"><\/div>","protected":false},"excerpt":{"rendered":"","protected":false},"author":9009999101003,"featured_media":0,"parent":1997,"menu_order":0,"comment_status":"closed","ping_status":"closed","template":"page-fullwidth.php","meta":{"footnotes":""},"class_list":["post-2016","page","type-page","status-publish","hentry"],"_links":{"self":[{"href":"https:\/\/www.ibermetais.pt\/de\/wp-json\/wp\/v2\/pages\/2016","targetHints":{"allow":["GET"]}}],"collection":[{"href":"https:\/\/www.ibermetais.pt\/de\/wp-json\/wp\/v2\/pages"}],"about":[{"href":"https:\/\/www.ibermetais.pt\/de\/wp-json\/wp\/v2\/types\/page"}],"author":[{"embeddable":true,"href":"https:\/\/www.ibermetais.pt\/de\/wp-json\/wp\/v2\/users\/9009999101003"}],"replies":[{"embeddable":true,"href":"https:\/\/www.ibermetais.pt\/de\/wp-json\/wp\/v2\/comments?post=2016"}],"version-history":[{"count":37,"href":"https:\/\/www.ibermetais.pt\/de\/wp-json\/wp\/v2\/pages\/2016\/revisions"}],"predecessor-version":[{"id":14859,"href":"https:\/\/www.ibermetais.pt\/de\/wp-json\/wp\/v2\/pages\/2016\/revisions\/14859"}],"up":[{"embeddable":true,"href":"https:\/\/www.ibermetais.pt\/de\/wp-json\/wp\/v2\/pages\/1997"}],"wp:attachment":[{"href":"https:\/\/www.ibermetais.pt\/de\/wp-json\/wp\/v2\/media?parent=2016"}],"curies":[{"name":"wp","href":"https:\/\/api.w.org\/{rel}","templated":true}]}}