{"id":203,"date":"2015-08-12T09:45:02","date_gmt":"2015-08-12T09:45:02","guid":{"rendered":"http:\/\/192.168.9.29\/Development\/TB\/?page_id=203"},"modified":"2025-03-06T15:02:50","modified_gmt":"2025-03-06T15:02:50","slug":"home","status":"publish","type":"page","link":"https:\/\/www.ibermetais.pt\/de\/","title":{"rendered":"Startseite"},"content":{"rendered":"<div class=\"service-grid\">\n<div class=\"row \">\n<div class=\"span12 \"><blockquote><p>\n<!--div id=\"logo-feira\" style=\"text-align: center; margin-top: -30px; margin-bottom: 45px;\"><img loading=\"lazy\" decoding=\"async\" title=\"\" alt=\"\" src=\"\/wp-content\/uploads\/2020\/01\/img-wire_2020.jpg\" width=\"650\" height=\"69\"><\/div-->\n<p style=\"text-align: center;\">Effizient mit unserem Industrieunternehmen arbeiten!<br \/>\nWir bieten innovative und kosteneffiziente Industriel\u00f6sungen<\/p>\n<\/blockquote>\n<div class=\"row-fluid \">\n<figure class=\"frame thumbnail alignnone clearfix\">\n<div class=\"span2\"><div class=\"service-box \"><figure class=\"icon\"><a href=\"http:\/\/www.ibermetais.pt\/de\/produtos\/\"><img decoding=\"async\" src=\"https:\/\/www.ibermetais.pt\/wp-content\/themes\/theme44938\/images\/icon-produto.png\" alt=\"\" \/><\/a><\/figure><div class=\"service-box_body\"><h2 class=\"title\">Produkte<\/h2><div class=\"service-box_txt\">Hohes Ma\u00df an Wettbewerbsf\u00e4higkeit.<\/div><\/div><\/div><!-- \/Service Box --><\/div>\n<div class=\"span2\"><div class=\"service-box \"><figure class=\"icon\"><a href=\"http:\/\/www.ibermetais.pt\/de\/carreiras\/\"><img decoding=\"async\" src=\"https:\/\/www.ibermetais.pt\/wp-content\/themes\/theme44938\/images\/icon-carreiras.png\" alt=\"\" \/><\/a><\/figure><div class=\"service-box_body\"><h2 class=\"title\">Karrieren<\/h2><div class=\"service-box_txt\">Wir sorgen uns um die Zukunft. Kommen Sie zu unserem Team!<\/div><\/div><\/div><!-- \/Service Box --><\/div>\n<div class=\"span2\"><div class=\"service-box \"><figure class=\"icon\"><a href=\"http:\/\/www.ibermetais.pt\/de\/exportacao\/\"><img decoding=\"async\" src=\"https:\/\/www.ibermetais.pt\/wp-content\/themes\/theme44938\/images\/icon-exportacao.png\" alt=\"\" \/><\/a><\/figure><div class=\"service-box_body\"><h2 class=\"title\">Export<\/h2><div class=\"service-box_txt\">Wo auch immer Sie sind, sind wir schon nahe.<\/div><\/div><\/div><!-- \/Service Box --><\/div>\n<div class=\"span2\"><div class=\"service-box \"><figure class=\"icon\"><a href=\"http:\/\/www.ibermetais.pt\/de\/seguranca\/\"><img decoding=\"async\" src=\"https:\/\/www.ibermetais.pt\/wp-content\/themes\/theme44938\/images\/icon-seguranca.png\" alt=\"\" \/><\/a><\/figure><div class=\"service-box_body\"><h2 class=\"title\">Sicherheit<\/h2><div class=\"service-box_txt\">Standards, Betriebsvorschriften und die Verwendung von geeigneten Materialien, um die Aufgaben zu erf\u00fcllen.<\/div><\/div><\/div><!-- \/Service Box --><\/div>\n<div class=\"span2\"><div class=\"service-box \"><figure class=\"icon\"><a href=\"http:\/\/www.ibermetais.pt\/de\/qualidade\/ambiente\/\"><img decoding=\"async\" src=\"https:\/\/www.ibermetais.pt\/wp-content\/themes\/theme44938\/images\/icon-ambiente.png\" alt=\"\" \/><\/a><\/figure><div class=\"service-box_body\"><h2 class=\"title\">Umwelt<\/h2><div class=\"service-box_txt\">Werte und Bedenken, immer an morgen denken.<\/div><\/div><\/div><!-- \/Service Box --><\/div>\n<div class=\"span2\"><div class=\"service-box \"><figure class=\"icon\"><a href=\"http:\/\/www.ibermetais.pt\/de\/\"><img decoding=\"async\" src=\"https:\/\/www.ibermetais.pt\/wp-content\/themes\/theme44938\/images\/icon-qualidade.png\" alt=\"\" \/><\/a><\/figure><div class=\"service-box_body\"><h2 class=\"title\">Qualit\u00e4t<\/h2><div class=\"service-box_txt\">Qualit\u00e4tsprodukte als Vektor von Wettbewerbsf\u00e4higkeit und Wachstum.<\/div><\/div><\/div><!-- \/Service Box --><\/div>\n<\/figure>\n<\/div> <!-- .row-fluid (end) --><\/div>\n<\/div><!-- .row (end) -->\n<\/div>\n<div class=\"row \">\n<div class=\"span12 \"><h2>Produkte<\/h2>\n<div class=\"carousel-wrap font-size-letter-tittle\"><div id=\"owl-carousel-69d2233e0ee4c\" class=\"owl-carousel-portfolio owl-carousel\" data-items=\"5\" data-auto-play=\"5000\" data-nav=\"true\" data-pagination=\"false\"><div class=\"item format-standart item-list-0\"><figure><a href=\"https:\/\/www.ibermetais.pt\/de\/produtos\/fibras\/\" title=\"Stahldrahtfasern\" class=\"darkbox\" ><img decoding=\"async\" src=\"https:\/\/www.ibermetais.pt\/wp-content\/uploads\/2016\/01\/img-produto-fibras-270x201.png\" alt=\"Stahldrahtfasern\" \/> <\/a><\/figure><div class=\"desc\"><h5><a href=\"https:\/\/www.ibermetais.pt\/de\/produtos\/fibras\/\" title=\"Stahldrahtfasern\">Stahldrahtfasern<\/a><\/h5><\/div><\/div><div class=\"item format-standart item-list-1\"><figure><a href=\"https:\/\/www.ibermetais.pt\/de\/portfolio-view\/arame-recozido-em-rolo\/\" title=\"Gegl\u00fchte Draht in Rolle\" class=\"darkbox\" ><img decoding=\"async\" src=\"https:\/\/www.ibermetais.pt\/wp-content\/uploads\/2015\/08\/prd-arame-recozido-rolo-21-270x201.png\" alt=\"Gegl\u00fchte Draht in Rolle\" \/> <\/a><\/figure><div class=\"desc\"><h5><a href=\"https:\/\/www.ibermetais.pt\/de\/portfolio-view\/arame-recozido-em-rolo\/\" title=\"Gegl\u00fchte Draht in Rolle\">Gegl\u00fchte Draht in Rolle<\/a><\/h5><\/div><\/div><div class=\"item format-standart item-list-2\"><figure><a href=\"https:\/\/www.ibermetais.pt\/de\/portfolio-view\/arame-recozido-em-rolo-pequeno\/\" title=\"Gegl\u00fchte Draht in Kleine Rolle\" class=\"darkbox\" ><img decoding=\"async\" src=\"https:\/\/www.ibermetais.pt\/wp-content\/uploads\/2015\/08\/prd-arame-recozido-rolo-peq-1-270x201.png\" alt=\"Gegl\u00fchte Draht in Kleine Rolle\" \/> <\/a><\/figure><div class=\"desc\"><h5><a href=\"https:\/\/www.ibermetais.pt\/de\/portfolio-view\/arame-recozido-em-rolo-pequeno\/\" title=\"Gegl\u00fchte Draht in Kleine Rolle\">Gegl\u00fchte Draht in Kleine Rolle<\/a><\/h5><\/div><\/div><div class=\"item format-standart item-list-3\"><figure><a href=\"https:\/\/www.ibermetais.pt\/de\/portfolio-view\/arame-recozido-em-bobine\/\" title=\"Gegl\u00fchte Draht in Coils\" class=\"darkbox\" ><img decoding=\"async\" src=\"https:\/\/www.ibermetais.pt\/wp-content\/uploads\/2015\/08\/prd-arame-recozido-bobine-15-270x201.png\" alt=\"Gegl\u00fchte Draht in Coils\" \/> <\/a><\/figure><div class=\"desc\"><h5><a href=\"https:\/\/www.ibermetais.pt\/de\/portfolio-view\/arame-recozido-em-bobine\/\" title=\"Gegl\u00fchte Draht in Coils\">Gegl\u00fchte Draht in Coils<\/a><\/h5><\/div><\/div><div class=\"item format-standart item-list-4\"><figure><a href=\"https:\/\/www.ibermetais.pt\/de\/portfolio-view\/arame-recozido-em-bobine-pequena\/\" title=\"Gegl\u00fchte Draht in Kleine Coils\" class=\"darkbox\" ><img decoding=\"async\" src=\"https:\/\/www.ibermetais.pt\/wp-content\/uploads\/2015\/08\/prd-arame-recozido-bobine-peq-3-270x201.png\" alt=\"Gegl\u00fchte Draht in Kleine Coils\" \/> <\/a><\/figure><div class=\"desc\"><h5><a href=\"https:\/\/www.ibermetais.pt\/de\/portfolio-view\/arame-recozido-em-bobine-pequena\/\" title=\"Gegl\u00fchte Draht in Kleine Coils\">Gegl\u00fchte Draht in Kleine Coils<\/a><\/h5><\/div><\/div><div class=\"item format-standart item-list-5\"><figure><a href=\"https:\/\/www.ibermetais.pt\/de\/portfolio-view\/arame-recozido-em-vareta\/\" title=\"Gegl\u00fchte Draht in St\u00e4ben\" class=\"darkbox\" ><img decoding=\"async\" src=\"https:\/\/www.ibermetais.pt\/wp-content\/uploads\/2015\/08\/prd-arame-recozido-vareta-11-270x201.png\" alt=\"Gegl\u00fchte Draht in St\u00e4ben\" \/> <\/a><\/figure><div class=\"desc\"><h5><a href=\"https:\/\/www.ibermetais.pt\/de\/portfolio-view\/arame-recozido-em-vareta\/\" title=\"Gegl\u00fchte Draht in St\u00e4ben\">Gegl\u00fchte Draht in St\u00e4ben<\/a><\/h5><\/div><\/div><div class=\"item format-standart item-list-6\"><figure><a href=\"https:\/\/www.ibermetais.pt\/de\/portfolio-view\/blackmax-arame-recozido-extra-para-enfardamento\/\" title=\"Blackmax \u00ae &#8211; Premium pressendraht\" class=\"darkbox\" ><img decoding=\"async\" src=\"https:\/\/www.ibermetais.pt\/wp-content\/uploads\/2015\/08\/prd-arame-recozido-blackmax-11-270x201.png\" alt=\"Blackmax \u00ae &#8211; Premium pressendraht\" \/> <\/a><\/figure><div class=\"desc\"><h5><a href=\"https:\/\/www.ibermetais.pt\/de\/portfolio-view\/blackmax-arame-recozido-extra-para-enfardamento\/\" title=\"Blackmax \u00ae &#8211; Premium pressendraht\">Blackmax \u00ae &#8211; Premium pressendraht<\/a><\/h5><\/div><\/div><div class=\"item format-standart item-list-7\"><figure><a href=\"https:\/\/www.ibermetais.pt\/de\/portfolio-view\/arame-cru-em-bobine\/\" title=\"Blanker Draht in Coils\" class=\"darkbox\" ><img decoding=\"async\" src=\"https:\/\/www.ibermetais.pt\/wp-content\/uploads\/2015\/08\/prd-arame-cru-bobine-1-270x201.png\" alt=\"Blanker Draht in Coils\" \/> <\/a><\/figure><div class=\"desc\"><h5><a href=\"https:\/\/www.ibermetais.pt\/de\/portfolio-view\/arame-cru-em-bobine\/\" title=\"Blanker Draht in Coils\">Blanker Draht in Coils<\/a><\/h5><\/div><\/div><div class=\"item format-standart item-list-8\"><figure><a href=\"https:\/\/www.ibermetais.pt\/de\/portfolio-view\/arame-cru-em-rolo\/\" title=\"Blanker Draht in Rollen\" class=\"darkbox\" ><img decoding=\"async\" src=\"https:\/\/www.ibermetais.pt\/wp-content\/uploads\/2015\/08\/prd-arame-cru-rolo-21-270x201.png\" alt=\"Blanker Draht in Rollen\" \/> <\/a><\/figure><div class=\"desc\"><h5><a href=\"https:\/\/www.ibermetais.pt\/de\/portfolio-view\/arame-cru-em-rolo\/\" title=\"Blanker Draht in Rollen\">Blanker Draht in Rollen<\/a><\/h5><\/div><\/div><div class=\"item format-standart item-list-9\"><figure><a href=\"https:\/\/www.ibermetais.pt\/de\/portfolio-view\/arame-cru-em-rolo-pequeno\/\" title=\"Blanker Draht in Kleine Rollen\" class=\"darkbox\" ><img decoding=\"async\" src=\"https:\/\/www.ibermetais.pt\/wp-content\/uploads\/2015\/08\/prd-arame-cru-rolo-peq-1-270x201.png\" alt=\"Blanker Draht in Kleine Rollen\" \/> <\/a><\/figure><div class=\"desc\"><h5><a href=\"https:\/\/www.ibermetais.pt\/de\/portfolio-view\/arame-cru-em-rolo-pequeno\/\" title=\"Blanker Draht in Kleine Rollen\">Blanker Draht in Kleine Rollen<\/a><\/h5><\/div><\/div><div class=\"item format-standart item-list-10\"><figure><a href=\"https:\/\/www.ibermetais.pt\/de\/portfolio-view\/arame-cru-em-bobine-pequena\/\" title=\"Blanker Draht in Kleine Coils\" class=\"darkbox\" ><img decoding=\"async\" src=\"https:\/\/www.ibermetais.pt\/wp-content\/uploads\/2015\/08\/prd-arame-cru-bobine-peq-1-270x201.png\" alt=\"Blanker Draht in Kleine Coils\" \/> <\/a><\/figure><div class=\"desc\"><h5><a href=\"https:\/\/www.ibermetais.pt\/de\/portfolio-view\/arame-cru-em-bobine-pequena\/\" title=\"Blanker Draht in Kleine Coils\">Blanker Draht in Kleine Coils<\/a><\/h5><\/div><\/div><div class=\"item format-standart item-list-11\"><figure><a href=\"https:\/\/www.ibermetais.pt\/de\/portfolio-view\/arame-cru-em-vareta\/\" title=\"Blanker Draht in Kleine Rollen in St\u00e4ben\" class=\"darkbox\" ><img decoding=\"async\" src=\"https:\/\/www.ibermetais.pt\/wp-content\/uploads\/2015\/08\/prd-arame-cru-vareta-11-270x201.png\" alt=\"Blanker Draht in Kleine Rollen in St\u00e4ben\" \/> <\/a><\/figure><div class=\"desc\"><h5><a href=\"https:\/\/www.ibermetais.pt\/de\/portfolio-view\/arame-cru-em-vareta\/\" title=\"Blanker Draht in Kleine Rollen in St\u00e4ben\">Blanker Draht in Kleine Rollen in St\u00e4ben<\/a><\/h5><\/div><\/div><div class=\"item format-standart item-list-12\"><figure><a href=\"https:\/\/www.ibermetais.pt\/de\/portfolio-view\/prego-quadrado\/\" title=\"Quadratnagel\" class=\"darkbox\" ><img decoding=\"async\" src=\"https:\/\/www.ibermetais.pt\/wp-content\/uploads\/2015\/08\/prd-prego-quadrado-construcao-2-270x201.png\" alt=\"Quadratnagel\" \/> <\/a><\/figure><div class=\"desc\"><h5><a href=\"https:\/\/www.ibermetais.pt\/de\/portfolio-view\/prego-quadrado\/\" title=\"Quadratnagel\">Quadratnagel<\/a><\/h5><\/div><\/div><div class=\"item format-standart item-list-13\"><figure><a href=\"https:\/\/www.ibermetais.pt\/de\/portfolio-view\/prego-redondo\/\" title=\"Runde Nagel\" class=\"darkbox\" ><img decoding=\"async\" src=\"https:\/\/www.ibermetais.pt\/wp-content\/uploads\/2015\/08\/prd-prego-redondo-construcao-3-270x201.png\" alt=\"Runde Nagel\" \/> <\/a><\/figure><div class=\"desc\"><h5><a href=\"https:\/\/www.ibermetais.pt\/de\/portfolio-view\/prego-redondo\/\" title=\"Runde Nagel\">Runde Nagel<\/a><\/h5><\/div><\/div><div class=\"item format-standart item-list-14\"><figure><a href=\"https:\/\/www.ibermetais.pt\/de\/portfolio-view\/prego-anelado\/\" title=\"Ringn\u00e4gel\" class=\"darkbox\" ><img decoding=\"async\" src=\"https:\/\/www.ibermetais.pt\/wp-content\/uploads\/2015\/09\/prd-prego-anelado-2-270x201.png\" alt=\"Ringn\u00e4gel\" \/> <\/a><\/figure><div class=\"desc\"><h5><a href=\"https:\/\/www.ibermetais.pt\/de\/portfolio-view\/prego-anelado\/\" title=\"Ringn\u00e4gel\">Ringn\u00e4gel<\/a><\/h5><\/div><\/div><div class=\"item format-standart item-list-15\"><figure><a href=\"https:\/\/www.ibermetais.pt\/de\/portfolio-view\/prego-roscado\/\" title=\"Schraubn\u00e4gel\" class=\"darkbox\" ><img decoding=\"async\" src=\"https:\/\/www.ibermetais.pt\/wp-content\/uploads\/2015\/09\/prd-prego-roscado-1-270x201.png\" alt=\"Schraubn\u00e4gel\" \/> <\/a><\/figure><div class=\"desc\"><h5><a href=\"https:\/\/www.ibermetais.pt\/de\/portfolio-view\/prego-roscado\/\" title=\"Schraubn\u00e4gel\">Schraubn\u00e4gel<\/a><\/h5><\/div><\/div><div class=\"item format-standart item-list-16\"><figure><a href=\"https:\/\/www.ibermetais.pt\/de\/portfolio-view\/prego-ponta-biselada\/\" title=\"Nietn\u00e4gel\" class=\"darkbox\" ><img decoding=\"async\" src=\"https:\/\/www.ibermetais.pt\/wp-content\/uploads\/2015\/09\/prd-prego-ponta-biselada-1-270x201.png\" alt=\"Nietn\u00e4gel\" \/> <\/a><\/figure><div class=\"desc\"><h5><a href=\"https:\/\/www.ibermetais.pt\/de\/portfolio-view\/prego-ponta-biselada\/\" title=\"Nietn\u00e4gel\">Nietn\u00e4gel<\/a><\/h5><\/div><\/div><div class=\"item format-standart item-list-17\"><figure><a href=\"https:\/\/www.ibermetais.pt\/de\/portfolio-view\/prego-anelado-roscado-em-rolo-ppistola\/\" title=\"Ringn\u00e4gel \/ Schraubn\u00e4gel in Rollen (F\u00fcr Bolzenschu\u00dfger\u00e4te)\" class=\"darkbox\" ><img decoding=\"async\" src=\"https:\/\/www.ibermetais.pt\/wp-content\/uploads\/2015\/09\/prd-prego-rolo-roscado-1-270x201.png\" alt=\"Ringn\u00e4gel \/ Schraubn\u00e4gel in Rollen (F\u00fcr Bolzenschu\u00dfger\u00e4te)\" \/> <\/a><\/figure><div class=\"desc\"><h5><a href=\"https:\/\/www.ibermetais.pt\/de\/portfolio-view\/prego-anelado-roscado-em-rolo-ppistola\/\" title=\"Ringn\u00e4gel \/ Schraubn\u00e4gel in Rollen (F\u00fcr Bolzenschu\u00dfger\u00e4te)\">Ringn\u00e4gel \/ Schraubn\u00e4gel in Rollen (F\u00fcr Bolzenschu\u00dfger\u00e4te)<\/a><\/h5><\/div><\/div><\/div><\/div><\/div>\n<\/div><!-- .row (end) -->","protected":false},"excerpt":{"rendered":"","protected":false},"author":9009999101003,"featured_media":0,"parent":0,"menu_order":0,"comment_status":"closed","ping_status":"closed","template":"page-home.php","meta":{"footnotes":""},"class_list":["post-203","page","type-page","status-publish","hentry"],"_links":{"self":[{"href":"https:\/\/www.ibermetais.pt\/de\/wp-json\/wp\/v2\/pages\/203","targetHints":{"allow":["GET"]}}],"collection":[{"href":"https:\/\/www.ibermetais.pt\/de\/wp-json\/wp\/v2\/pages"}],"about":[{"href":"https:\/\/www.ibermetais.pt\/de\/wp-json\/wp\/v2\/types\/page"}],"author":[{"embeddable":true,"href":"https:\/\/www.ibermetais.pt\/de\/wp-json\/wp\/v2\/users\/9009999101003"}],"replies":[{"embeddable":true,"href":"https:\/\/www.ibermetais.pt\/de\/wp-json\/wp\/v2\/comments?post=203"}],"version-history":[{"count":158,"href":"https:\/\/www.ibermetais.pt\/de\/wp-json\/wp\/v2\/pages\/203\/revisions"}],"predecessor-version":[{"id":49716,"href":"https:\/\/www.ibermetais.pt\/de\/wp-json\/wp\/v2\/pages\/203\/revisions\/49716"}],"wp:attachment":[{"href":"https:\/\/www.ibermetais.pt\/de\/wp-json\/wp\/v2\/media?parent=203"}],"curies":[{"name":"wp","href":"https:\/\/api.w.org\/{rel}","templated":true}]}}