{"id":2036,"date":"2015-08-12T13:09:08","date_gmt":"2015-08-12T12:09:08","guid":{"rendered":"http:\/\/www.ibermetais.pt\/?page_id=2036"},"modified":"2017-04-18T17:14:04","modified_gmt":"2017-04-18T16:14:04","slug":"ambiente","status":"publish","type":"page","link":"https:\/\/www.ibermetais.pt\/de\/qualidade\/ambiente\/","title":{"rendered":"Umwelt"},"content":{"rendered":"<p><div class=\"row \">\n<div class=\"span12 \"><img loading=\"lazy\" decoding=\"async\" width=\"250\" height=\"321\" class=\"alignright size-medium wp-image-2051\"  style=\"height: 180px; width: 250px;\" src=\"http:\/\/www.ibermetais.pt\/wp-content\/uploads\/2015\/08\/Ambiente_250.jpg\" alt=\"Ambiente_250\" srcset=\"https:\/\/www.ibermetais.pt\/wp-content\/uploads\/2015\/08\/Ambiente_250.jpg 250w, https:\/\/www.ibermetais.pt\/wp-content\/uploads\/2015\/08\/Ambiente_250-234x300.jpg 234w\" sizes=\"auto, (max-width: 250px) 100vw, 250px\" \/><\/p>\n<p style=\"text-align: justify;\">Zusammen mit dem Wachstum und st\u00e4ndige technologische Aktualisierung, IBERMETAIS, S.A., wurde umweltfreundlicher Technologien in seiner industriellen Einheit integriert, die es saubere Verbrennung erlauben (Die Verwendung von Erdgas anstelle von herk\u00f6mmlichen Diesel und Benzin), komplette Wiederverwendung von industriellem Abwasser, Erfassung und Entfernung von Partikeln und kontaminierte Luftabgasen und viele andere Details, die zu einer gesunden Umwelt beitragen.<\/p>\n<p style=\"text-align: justify;\">Zus\u00e4tzlich IBERMETAIS, S.A. hat eine st\u00e4ndige \u00dcberwachungsanstrengung gemacht und Kontrolle \u00fcber ihre Auswirkungen auf die Umwelt, durch die Einstellung unabh\u00e4ngige Einheiten f\u00fcr die Sammlung und die regelm\u00e4\u00dfige Analyse der Emissionen von Schadstoffen (Wasser, Luft, Abfall und L\u00e4rm), Vorbereitung von Umweltstudien, sowie die sorgf\u00e4ltige Auswahl der endg\u00fcltigen umweltfreundlich Bestimmungsorte f\u00fcr die produzierte Abfall.<\/p><\/div>\n<\/div><!-- .row (end) -->\n<div class=\"content-page\"><\/div>\n<p><\/p>","protected":false},"excerpt":{"rendered":"","protected":false},"author":9009999101003,"featured_media":0,"parent":2032,"menu_order":0,"comment_status":"closed","ping_status":"closed","template":"page-fullwidth.php","meta":{"footnotes":""},"class_list":["post-2036","page","type-page","status-publish","hentry"],"_links":{"self":[{"href":"https:\/\/www.ibermetais.pt\/de\/wp-json\/wp\/v2\/pages\/2036","targetHints":{"allow":["GET"]}}],"collection":[{"href":"https:\/\/www.ibermetais.pt\/de\/wp-json\/wp\/v2\/pages"}],"about":[{"href":"https:\/\/www.ibermetais.pt\/de\/wp-json\/wp\/v2\/types\/page"}],"author":[{"embeddable":true,"href":"https:\/\/www.ibermetais.pt\/de\/wp-json\/wp\/v2\/users\/9009999101003"}],"replies":[{"embeddable":true,"href":"https:\/\/www.ibermetais.pt\/de\/wp-json\/wp\/v2\/comments?post=2036"}],"version-history":[{"count":39,"href":"https:\/\/www.ibermetais.pt\/de\/wp-json\/wp\/v2\/pages\/2036\/revisions"}],"predecessor-version":[{"id":5355,"href":"https:\/\/www.ibermetais.pt\/de\/wp-json\/wp\/v2\/pages\/2036\/revisions\/5355"}],"up":[{"embeddable":true,"href":"https:\/\/www.ibermetais.pt\/de\/wp-json\/wp\/v2\/pages\/2032"}],"wp:attachment":[{"href":"https:\/\/www.ibermetais.pt\/de\/wp-json\/wp\/v2\/media?parent=2036"}],"curies":[{"name":"wp","href":"https:\/\/api.w.org\/{rel}","templated":true}]}}