{"id":2484,"date":"2015-08-20T11:33:16","date_gmt":"2015-08-20T10:33:16","guid":{"rendered":"http:\/\/www.ibermetais.pt\/?page_id=2484"},"modified":"2023-07-21T10:14:20","modified_gmt":"2023-07-21T09:14:20","slug":"fibras","status":"publish","type":"page","link":"https:\/\/www.ibermetais.pt\/de\/produtos\/fibras\/","title":{"rendered":"Stahldrahtfasern"},"content":{"rendered":"<div class=\"row \">\n<div class=\"span9 \"><div class=\"span3 \"><div class=\"banner-wrap \"><figure class=\"featured-thumbnail\"><a href=\"http:\/\/www.ibermetais.pt\/de\/portfolio-view\/fibras-ibermix-her-0-55-30-bl\/\" title=\"STAHLDRAHTFASERN IBERMIX \u00ae HER 0.55\/30 BL\" class=\"darkbox\"><img decoding=\"async\" src=\"https:\/\/www.ibermetais.pt\/wp-content\/uploads\/2016\/05\/prd-fibras-slide-5-0.55-30-de.png\" title=\"STAHLDRAHTFASERN IBERMIX \u00ae HER 0.55\/30 BL\" alt=\"\" \/>\n<span class=\"zoom-icon\"><\/span>\n<\/a><\/figure><h5>STAHLDRAHTFASERN IBERMIX \u00ae HER 0.55\/30 BL<\/h5><\/div><!-- .banner-wrap (end) --><\/div>\n<div class=\"span3 \"><div class=\"banner-wrap \"><figure class=\"featured-thumbnail\"><a href=\"http:\/\/www.ibermetais.pt\/de\/portfolio-view\/fibras-ibermix-her-0-55-35-bl\/\" title=\"STAHLDRAHTFASERN IBERMIX \u00ae HER 0.55\/35 BL\" class=\"darkbox\"><img decoding=\"async\" src=\"https:\/\/www.ibermetais.pt\/wp-content\/uploads\/2016\/05\/prd-fibras-slide-5-0.55-35-de.png\" title=\"STAHLDRAHTFASERN IBERMIX \u00ae HER 0.55\/35 BL\" alt=\"\" \/>\n<span class=\"zoom-icon\"><\/span>\n<\/a><\/figure><h5>STAHLDRAHTFASERN IBERMIX \u00ae HER 0.55\/35 BL<\/h5><\/div><!-- .banner-wrap (end) --><\/div>\n<div class=\"span3 \"><div class=\"banner-wrap \"><figure class=\"featured-thumbnail\"><a href=\"http:\/\/www.ibermetais.pt\/de\/portfolio-view\/fibras-ibermix-her-0-75-35-bl\/\" title=\"STAHLDRAHTFASERN IBERMIX \u00ae HER 0.75\/35 BL\" class=\"darkbox\"><img decoding=\"async\" src=\"https:\/\/www.ibermetais.pt\/wp-content\/uploads\/2016\/05\/prd-fibras-slide-5-0.75-35-de.png\" title=\"STAHLDRAHTFASERN IBERMIX \u00ae HER 0.75\/35 BL\" alt=\"\" \/>\n<span class=\"zoom-icon\"><\/span>\n<\/a><\/figure><h5>STAHLDRAHTFASERN IBERMIX \u00ae HER 0.75\/35 BL<\/h5><\/div><!-- .banner-wrap (end) --><\/div>\n<div class=\"clear\"><\/div><!-- .clear (end) -->\n<div class=\"span3 \"><div class=\"banner-wrap \"><figure class=\"featured-thumbnail\"><a href=\"http:\/\/www.ibermetais.pt\/de\/portfolio-view\/fibras-ibermix-her-0-75-50-bl\/\" title=\"STAHLDRAHTFASERN IBERMIX \u00ae HER 0.75\/50 BL\" class=\"darkbox\"><img decoding=\"async\" src=\"https:\/\/www.ibermetais.pt\/wp-content\/uploads\/2016\/05\/prd-fibras-slide-5-0.75-50-de.png\" title=\"STAHLDRAHTFASERN IBERMIX \u00ae HER 0.75\/50 BL\" alt=\"\" \/>\n<span class=\"zoom-icon\"><\/span>\n<\/a><\/figure><h5>STAHLDRAHTFASERN IBERMIX \u00ae HER 0.75\/50 BL<\/h5><\/div><!-- .banner-wrap (end) --><\/div>\n<div class=\"span3 \"><div class=\"banner-wrap \"><figure class=\"featured-thumbnail\"><a href=\"http:\/\/www.ibermetais.pt\/de\/portfolio-view\/fibras-ibermix-her-0-75-60-bl\/\" title=\"STAHLDRAHTFASERN IBERMIX \u00ae HER 0.75\/60 BL\" class=\"darkbox\"><img decoding=\"async\" src=\"https:\/\/www.ibermetais.pt\/wp-content\/uploads\/2016\/05\/prd-fibras-slide-5-0.75-60-de.png\" title=\"STAHLDRAHTFASERN IBERMIX \u00ae HER 0.75\/60 BL\" alt=\"\" \/>\n<span class=\"zoom-icon\"><\/span>\n<\/a><\/figure><h5>STAHLDRAHTFASERN IBERMIX \u00ae HER 0.75\/60 BL<\/h5><\/div><!-- .banner-wrap (end) --><\/div>\n<div class=\"span3 \"><div class=\"banner-wrap \"><figure class=\"featured-thumbnail\"><a href=\"http:\/\/www.ibermetais.pt\/de\/portfolio-view\/fibras-ibermix-her-0-90-50-bl\/\" title=\"STAHLDRAHTFASERN IBERMIX \u00ae HER 0.90\/50 BL\" class=\"darkbox\"><img decoding=\"async\" src=\"https:\/\/www.ibermetais.pt\/wp-content\/uploads\/2016\/05\/prd-fibras-slide-5-0.90-50-de.png\" title=\"STAHLDRAHTFASERN IBERMIX \u00ae HER 0.90\/50 BL\" alt=\"\" \/>\n<span class=\"zoom-icon\"><\/span>\n<\/a><\/figure><h5>STAHLDRAHTFASERN IBERMIX \u00ae HER 0.90\/50 BL<\/h5><\/div><!-- .banner-wrap (end) --><\/div>\n<div class=\"clear\"><\/div><!-- .clear (end) -->\n<div class=\"span3 \"><div class=\"banner-wrap \"><figure class=\"featured-thumbnail\"><a href=\"http:\/\/www.ibermetais.pt\/de\/portfolio-view\/fibras-ibermix-her-0-90-60-bl\/\" title=\"STAHLDRAHTFASERN IBERMIX \u00ae HER 0.90\/60 BL\" class=\"darkbox\"><img decoding=\"async\" src=\"https:\/\/www.ibermetais.pt\/wp-content\/uploads\/2016\/05\/prd-fibras-slide-5-0.90-60-de.png\" title=\"STAHLDRAHTFASERN IBERMIX \u00ae HER 0.90\/60 BL\" alt=\"\" \/>\n<span class=\"zoom-icon\"><\/span>\n<\/a><\/figure><h5>STAHLDRAHTFASERN IBERMIX \u00ae HER 0.90\/60 BL<\/h5><\/div><!-- .banner-wrap (end) --><\/div>\n<div class=\"span3 \"><div class=\"banner-wrap \"><figure class=\"featured-thumbnail\"><a href=\"http:\/\/www.ibermetais.pt\/de\/portfolio-view\/fibras-ibermix-her-1-50-bl\/\" title=\"STAHLDRAHTFASERN IBERMIX \u00ae HER 1\/50 BL\" class=\"darkbox\"><img decoding=\"async\" src=\"https:\/\/www.ibermetais.pt\/wp-content\/uploads\/2016\/05\/prd-fibras-slide-5-1-50-de.png\" title=\"STAHLDRAHTFASERN IBERMIX \u00ae HER 1\/50 BL\" alt=\"\" \/>\n<span class=\"zoom-icon\"><\/span>\n<\/a><\/figure><h5>STAHLDRAHTFASERN IBERMIX \u00ae HER 1\/50 BL<\/h5><\/div><!-- .banner-wrap (end) --><\/div>\n<div class=\"span3 \"><div class=\"banner-wrap \"><figure class=\"featured-thumbnail\"><a href=\"http:\/\/www.ibermetais.pt\/de\/portfolio-view\/fibras-ibermix-her-1-60-bl\/\" title=\"STAHLDRAHTFASERN IBERMIX \u00ae HER 1\/60 BL\" class=\"darkbox\"><img decoding=\"async\" src=\"https:\/\/www.ibermetais.pt\/wp-content\/uploads\/2016\/05\/prd-fibras-slide-5-1-60-de.png\" title=\"STAHLDRAHTFASERN IBERMIX \u00ae HER 1\/60 BL\" alt=\"\" \/>\n<span class=\"zoom-icon\"><\/span>\n<\/a><\/figure><h5>STAHLDRAHTFASERN IBERMIX \u00ae HER 1\/60 BL<\/h5><\/div><!-- .banner-wrap (end) --><\/div>\n<div class=\"clear\"><\/div><!-- .clear (end) -->\n<div class=\"span3 \"><div class=\"banner-wrap \"><figure class=\"featured-thumbnail\"><a href=\"http:\/\/www.ibermetais.pt\/de\/portfolio-view\/fibras-ibermix-ur-0-80-60-bl\/\" title=\"STAHLDRAHTFASERN IBERMIX \u00ae UR 0.80\/60 BL\" class=\"darkbox\"><img decoding=\"async\" src=\"https:\/\/www.ibermetais.pt\/wp-content\/uploads\/2016\/05\/prd-fibras-slide-5-0.80-60-de.png\" title=\"STAHLDRAHTFASERN IBERMIX \u00ae UR 0.80\/60 BL\" alt=\"\" \/>\n<span class=\"zoom-icon\"><\/span>\n<\/a><\/figure><h5>STAHLDRAHTFASERN IBERMIX \u00ae UR 0.80\/60 BL<\/h5><\/div><!-- .banner-wrap (end) --><\/div>\n<div class=\"span3 \"><div class=\"banner-wrap \"><figure class=\"featured-thumbnail\"><a href=\"http:\/\/www.ibermetais.pt\/de\/portfolio-view\/fibras-ibermix-ur-1-05-50-bl\/\" title=\"STAHLDRAHTFASERN IBERMIX \u00ae UR 1.05\/50 BL\" class=\"darkbox\"><img decoding=\"async\" src=\"https:\/\/www.ibermetais.pt\/wp-content\/uploads\/2016\/05\/prd-fibras-slide-5-1.05-50-de.png\" title=\"STAHLDRAHTFASERN IBERMIX \u00ae UR 1.05\/50 BL\" alt=\"\" \/>\n<span class=\"zoom-icon\"><\/span>\n<\/a><\/figure><h5>STAHLDRAHTFASERN IBERMIX \u00ae UR 1.05\/50 BL<\/h5><\/div><!-- .banner-wrap (end) --><\/div><\/div>\n<div class=\"span3 \"><h3>Produkte<\/h3>\n<div class=\"list styled custom-list\">\n<ul>\n<li style=\"padding: 5px 0px 0px 10px; line-height: 17px; margin-bottom: 6px;\"><a title=\"Gegl\u00fchte Draht in Rolle\" href=\"http:\/\/www.ibermetais.pt\/de\/portfolio-view\/arame-recozido-em-rolo\/\">Gegl\u00fchte Draht in Rolle<\/a><\/li>\n<li style=\"padding: 5px 0px 0px 10px; line-height: 17px; margin-bottom: 6px;\"><a title=\"Gegl\u00fchte Draht in Kleine Rolle\" href=\"http:\/\/www.ibermetais.pt\/de\/portfolio-view\/arame-recozido-em-rolo-pequeno\/\">Gegl\u00fchte Draht in Kleine Rolle<\/a><\/li>\n<li style=\"padding: 5px 0px 0px 10px; line-height: 17px; margin-bottom: 6px;\"><a title=\"Gegl\u00fchte Draht in Coils\" href=\"http:\/\/ww.ibermetais.pt\/de\/portfolio-view\/arame-recozido-em-bobine\/\">Gegl\u00fchte Draht in Coils<\/a><\/li>\n<li style=\"padding: 5px 0px 0px 10px; line-height: 17px; margin-bottom: 6px;\"><a title=\"Gegl\u00fchte Draht in Kleine Coils\" href=\"http:\/\/www.ibermetais.pt\/de\/portfolio-view\/arame-recozido-em-bobine-pequena\/\">Gegl\u00fchte Draht in Kleine Coils<\/a><\/li>\n<li style=\"padding: 5px 0px 0px 10px; line-height: 17px; margin-bottom: 6px;\"><a title=\"Gegl\u00fchte Draht in St\u00e4ben\" href=\"http:\/\/www.ibermetais.pt\/de\/portfolio-view\/arame-recozido-em-vareta\/\">Gegl\u00fchte Draht in St\u00e4ben<\/a><\/li>\n<li style=\"padding: 5px 0px 0px 10px; line-height: 17px; margin-bottom: 6px;\"><a title=\"Blackmax \u00ae \u2013 Premium Pressendraht\" href=\"http:\/\/www.ibermetais.pt\/de\/portfolio-view\/blackmax-arame-recozido-extra-para-enfardamento\/\">Blackmax \u00ae \u2013 Premium Pressendraht<\/a><\/li>\n<li style=\"padding: 5px 0px 0px 10px; line-height: 17px; margin-bottom: 6px;\"><a title=\"Blanker Draht in Coils\" href=\"http:\/\/www.ibermetais.pt\/de\/portfolio-view\/arame-cru-em-bobine\/\">Blanker Draht in Coils<\/a><\/li>\n<li style=\"padding: 5px 0px 0px 10px; line-height: 17px; margin-bottom: 6px;\"><a title=\"Blanker Draht in Kleine Coils\" href=\"http:\/\/www.ibermetais.pt\/de\/portfolio-view\/arame-cru-em-bobine-pequena\/\">Blanker Draht in Kleine Coils<\/a><\/li>\n<li style=\"padding: 5px 0px 0px 10px; line-height: 17px; margin-bottom: 6px;\"><a title=\"Blanker Draht in Rollen\" href=\"http:\/\/www.ibermetais.pt\/de\/portfolio-view\/arame-cru-em-rolo\/\">Blanker Draht in Rollen<\/a><\/li>\n<li style=\"padding: 5px 0px 0px 10px; line-height: 17px; margin-bottom: 6px;\"><a title=\"Blanker Draht in Kleine Rollen\" href=\"http:\/\/www.ibermetais.pt\/de\/portfolio-view\/arame-cru-em-rolo-pequeno\/\">Blanker Draht in Kleine Rollen<\/a><\/li>\n<li style=\"padding: 5px 0px 0px 10px; line-height: 17px; margin-bottom: 6px;\"><a title=\"Blanker Draht in Kleine Rollen in St\u00e4ben\" href=\"http:\/\/www.ibermetais.pt\/de\/portfolio-view\/arame-cru-em-vareta\/\">Blanker Draht in Kleine Rollen in St\u00e4ben<\/a><\/li>\n<li style=\"padding: 5px 0px 0px 10px; line-height: 17px; margin-bottom: 6px;\"><a title=\"Nagel\" href=\"http:\/\/www.ibermetais.pt\/de\/produtos\/prego\/\">Nagel<\/a><\/li>\n<\/ul>\n<div class=\"carousel-wrap font-size-letter-tittle\"><div id=\"owl-carousel-69e778b4791d3\" class=\"owl-carousel-portfolio owl-carousel\" data-items=\"1\" data-auto-play=\"5000\" data-nav=\"true\" data-pagination=\"false\"><div class=\"item format-standart item-list-0\"><figure><a href=\"https:\/\/www.ibermetais.pt\/de\/portfolio-view\/arame-recozido-em-rolo\/\" title=\"Gegl\u00fchte Draht in Rolle\" class=\"darkbox\" ><img decoding=\"async\" src=\"https:\/\/www.ibermetais.pt\/wp-content\/uploads\/2015\/08\/prd-arame-recozido-rolo-21-270x150.png\" alt=\"Gegl\u00fchte Draht in Rolle\" \/> <\/a><\/figure><div class=\"desc\"><h5><a href=\"https:\/\/www.ibermetais.pt\/de\/portfolio-view\/arame-recozido-em-rolo\/\" title=\"Gegl\u00fchte Draht in Rolle\">Gegl\u00fchte Draht in Rolle<\/a><\/h5><\/div><\/div><div class=\"item format-standart item-list-1\"><figure><a href=\"https:\/\/www.ibermetais.pt\/de\/portfolio-view\/arame-recozido-em-rolo-pequeno\/\" title=\"Gegl\u00fchte Draht in Kleine Rolle\" class=\"darkbox\" ><img decoding=\"async\" src=\"https:\/\/www.ibermetais.pt\/wp-content\/uploads\/2015\/08\/prd-arame-recozido-rolo-peq-1-270x150.png\" alt=\"Gegl\u00fchte Draht in Kleine Rolle\" \/> <\/a><\/figure><div class=\"desc\"><h5><a href=\"https:\/\/www.ibermetais.pt\/de\/portfolio-view\/arame-recozido-em-rolo-pequeno\/\" title=\"Gegl\u00fchte Draht in Kleine Rolle\">Gegl\u00fchte Draht in Kleine Rolle<\/a><\/h5><\/div><\/div><div class=\"item format-standart item-list-2\"><figure><a href=\"https:\/\/www.ibermetais.pt\/de\/portfolio-view\/arame-recozido-em-bobine\/\" title=\"Gegl\u00fchte Draht in Coils\" class=\"darkbox\" ><img decoding=\"async\" src=\"https:\/\/www.ibermetais.pt\/wp-content\/uploads\/2015\/08\/prd-arame-recozido-bobine-15-270x150.png\" alt=\"Gegl\u00fchte Draht in Coils\" \/> <\/a><\/figure><div class=\"desc\"><h5><a href=\"https:\/\/www.ibermetais.pt\/de\/portfolio-view\/arame-recozido-em-bobine\/\" title=\"Gegl\u00fchte Draht in Coils\">Gegl\u00fchte Draht in Coils<\/a><\/h5><\/div><\/div><div class=\"item format-standart item-list-3\"><figure><a href=\"https:\/\/www.ibermetais.pt\/de\/portfolio-view\/arame-recozido-em-bobine-pequena\/\" title=\"Gegl\u00fchte Draht in Kleine Coils\" class=\"darkbox\" ><img decoding=\"async\" src=\"https:\/\/www.ibermetais.pt\/wp-content\/uploads\/2015\/08\/prd-arame-recozido-bobine-peq-3-270x150.png\" alt=\"Gegl\u00fchte Draht in Kleine Coils\" \/> <\/a><\/figure><div class=\"desc\"><h5><a href=\"https:\/\/www.ibermetais.pt\/de\/portfolio-view\/arame-recozido-em-bobine-pequena\/\" title=\"Gegl\u00fchte Draht in Kleine Coils\">Gegl\u00fchte Draht in Kleine Coils<\/a><\/h5><\/div><\/div><div class=\"item format-standart item-list-4\"><figure><a href=\"https:\/\/www.ibermetais.pt\/de\/portfolio-view\/arame-recozido-em-vareta\/\" title=\"Gegl\u00fchte Draht in St\u00e4ben\" class=\"darkbox\" ><img decoding=\"async\" src=\"https:\/\/www.ibermetais.pt\/wp-content\/uploads\/2015\/08\/prd-arame-recozido-vareta-11-270x150.png\" alt=\"Gegl\u00fchte Draht in St\u00e4ben\" \/> <\/a><\/figure><div class=\"desc\"><h5><a href=\"https:\/\/www.ibermetais.pt\/de\/portfolio-view\/arame-recozido-em-vareta\/\" title=\"Gegl\u00fchte Draht in St\u00e4ben\">Gegl\u00fchte Draht in St\u00e4ben<\/a><\/h5><\/div><\/div><div class=\"item format-standart item-list-5\"><figure><a href=\"https:\/\/www.ibermetais.pt\/de\/portfolio-view\/blackmax-arame-recozido-extra-para-enfardamento\/\" title=\"Blackmax \u00ae &#8211; Premium pressendraht\" class=\"darkbox\" ><img decoding=\"async\" src=\"https:\/\/www.ibermetais.pt\/wp-content\/uploads\/2015\/08\/prd-arame-recozido-blackmax-11-270x150.png\" alt=\"Blackmax \u00ae &#8211; Premium pressendraht\" \/> <\/a><\/figure><div class=\"desc\"><h5><a href=\"https:\/\/www.ibermetais.pt\/de\/portfolio-view\/blackmax-arame-recozido-extra-para-enfardamento\/\" title=\"Blackmax \u00ae &#8211; Premium pressendraht\">Blackmax \u00ae &#8211; Premium pressendraht<\/a><\/h5><\/div><\/div><div class=\"item format-standart item-list-6\"><figure><a href=\"https:\/\/www.ibermetais.pt\/de\/portfolio-view\/arame-cru-em-bobine\/\" title=\"Blanker Draht in Coils\" class=\"darkbox\" ><img decoding=\"async\" src=\"https:\/\/www.ibermetais.pt\/wp-content\/uploads\/2015\/08\/prd-arame-cru-bobine-1-270x150.png\" alt=\"Blanker Draht in Coils\" \/> <\/a><\/figure><div class=\"desc\"><h5><a href=\"https:\/\/www.ibermetais.pt\/de\/portfolio-view\/arame-cru-em-bobine\/\" title=\"Blanker Draht in Coils\">Blanker Draht in Coils<\/a><\/h5><\/div><\/div><div class=\"item format-standart item-list-7\"><figure><a href=\"https:\/\/www.ibermetais.pt\/de\/portfolio-view\/arame-cru-em-rolo\/\" title=\"Blanker Draht in Rollen\" class=\"darkbox\" ><img decoding=\"async\" src=\"https:\/\/www.ibermetais.pt\/wp-content\/uploads\/2015\/08\/prd-arame-cru-rolo-21-270x150.png\" alt=\"Blanker Draht in Rollen\" \/> <\/a><\/figure><div class=\"desc\"><h5><a href=\"https:\/\/www.ibermetais.pt\/de\/portfolio-view\/arame-cru-em-rolo\/\" title=\"Blanker Draht in Rollen\">Blanker Draht in Rollen<\/a><\/h5><\/div><\/div><div class=\"item format-standart item-list-8\"><figure><a href=\"https:\/\/www.ibermetais.pt\/de\/portfolio-view\/arame-cru-em-rolo-pequeno\/\" title=\"Blanker Draht in Kleine Rollen\" class=\"darkbox\" ><img decoding=\"async\" src=\"https:\/\/www.ibermetais.pt\/wp-content\/uploads\/2015\/08\/prd-arame-cru-rolo-peq-1-270x150.png\" alt=\"Blanker Draht in Kleine Rollen\" \/> <\/a><\/figure><div class=\"desc\"><h5><a href=\"https:\/\/www.ibermetais.pt\/de\/portfolio-view\/arame-cru-em-rolo-pequeno\/\" title=\"Blanker Draht in Kleine Rollen\">Blanker Draht in Kleine Rollen<\/a><\/h5><\/div><\/div><div class=\"item format-standart item-list-9\"><figure><a href=\"https:\/\/www.ibermetais.pt\/de\/portfolio-view\/arame-cru-em-bobine-pequena\/\" title=\"Blanker Draht in Kleine Coils\" class=\"darkbox\" ><img decoding=\"async\" src=\"https:\/\/www.ibermetais.pt\/wp-content\/uploads\/2015\/08\/prd-arame-cru-bobine-peq-1-270x150.png\" alt=\"Blanker Draht in Kleine Coils\" \/> <\/a><\/figure><div class=\"desc\"><h5><a href=\"https:\/\/www.ibermetais.pt\/de\/portfolio-view\/arame-cru-em-bobine-pequena\/\" title=\"Blanker Draht in Kleine Coils\">Blanker Draht in Kleine Coils<\/a><\/h5><\/div><\/div><div class=\"item format-standart item-list-10\"><figure><a href=\"https:\/\/www.ibermetais.pt\/de\/portfolio-view\/arame-cru-em-vareta\/\" title=\"Blanker Draht in Kleine Rollen in St\u00e4ben\" class=\"darkbox\" ><img decoding=\"async\" src=\"https:\/\/www.ibermetais.pt\/wp-content\/uploads\/2015\/08\/prd-arame-cru-vareta-11-270x150.png\" alt=\"Blanker Draht in Kleine Rollen in St\u00e4ben\" \/> <\/a><\/figure><div class=\"desc\"><h5><a href=\"https:\/\/www.ibermetais.pt\/de\/portfolio-view\/arame-cru-em-vareta\/\" title=\"Blanker Draht in Kleine Rollen in St\u00e4ben\">Blanker Draht in Kleine Rollen in St\u00e4ben<\/a><\/h5><\/div><\/div><div class=\"item format-standart item-list-11\"><figure><a href=\"https:\/\/www.ibermetais.pt\/de\/portfolio-view\/prego-quadrado\/\" title=\"Quadratnagel\" class=\"darkbox\" ><img decoding=\"async\" src=\"https:\/\/www.ibermetais.pt\/wp-content\/uploads\/2015\/08\/prd-prego-quadrado-construcao-2-270x150.png\" alt=\"Quadratnagel\" \/> <\/a><\/figure><div class=\"desc\"><h5><a href=\"https:\/\/www.ibermetais.pt\/de\/portfolio-view\/prego-quadrado\/\" title=\"Quadratnagel\">Quadratnagel<\/a><\/h5><\/div><\/div><div class=\"item format-standart item-list-12\"><figure><a href=\"https:\/\/www.ibermetais.pt\/de\/portfolio-view\/prego-redondo\/\" title=\"Runde Nagel\" class=\"darkbox\" ><img decoding=\"async\" src=\"https:\/\/www.ibermetais.pt\/wp-content\/uploads\/2015\/08\/prd-prego-redondo-construcao-3-270x150.png\" alt=\"Runde Nagel\" \/> <\/a><\/figure><div class=\"desc\"><h5><a href=\"https:\/\/www.ibermetais.pt\/de\/portfolio-view\/prego-redondo\/\" title=\"Runde Nagel\">Runde Nagel<\/a><\/h5><\/div><\/div><div class=\"item format-standart item-list-13\"><figure><a href=\"https:\/\/www.ibermetais.pt\/de\/portfolio-view\/prego-anelado\/\" title=\"Ringn\u00e4gel\" class=\"darkbox\" ><img decoding=\"async\" src=\"https:\/\/www.ibermetais.pt\/wp-content\/uploads\/2015\/09\/prd-prego-anelado-2-270x150.png\" alt=\"Ringn\u00e4gel\" \/> <\/a><\/figure><div class=\"desc\"><h5><a href=\"https:\/\/www.ibermetais.pt\/de\/portfolio-view\/prego-anelado\/\" title=\"Ringn\u00e4gel\">Ringn\u00e4gel<\/a><\/h5><\/div><\/div><div class=\"item format-standart item-list-14\"><figure><a href=\"https:\/\/www.ibermetais.pt\/de\/portfolio-view\/prego-roscado\/\" title=\"Schraubn\u00e4gel\" class=\"darkbox\" ><img decoding=\"async\" src=\"https:\/\/www.ibermetais.pt\/wp-content\/uploads\/2015\/09\/prd-prego-roscado-1-270x150.png\" alt=\"Schraubn\u00e4gel\" \/> <\/a><\/figure><div class=\"desc\"><h5><a href=\"https:\/\/www.ibermetais.pt\/de\/portfolio-view\/prego-roscado\/\" title=\"Schraubn\u00e4gel\">Schraubn\u00e4gel<\/a><\/h5><\/div><\/div><div class=\"item format-standart item-list-15\"><figure><a href=\"https:\/\/www.ibermetais.pt\/de\/portfolio-view\/prego-ponta-biselada\/\" title=\"Nietn\u00e4gel\" class=\"darkbox\" ><img decoding=\"async\" src=\"https:\/\/www.ibermetais.pt\/wp-content\/uploads\/2015\/09\/prd-prego-ponta-biselada-1-270x150.png\" alt=\"Nietn\u00e4gel\" \/> <\/a><\/figure><div class=\"desc\"><h5><a href=\"https:\/\/www.ibermetais.pt\/de\/portfolio-view\/prego-ponta-biselada\/\" title=\"Nietn\u00e4gel\">Nietn\u00e4gel<\/a><\/h5><\/div><\/div><div class=\"item format-standart item-list-16\"><figure><a href=\"https:\/\/www.ibermetais.pt\/de\/portfolio-view\/prego-anelado-roscado-em-rolo-ppistola\/\" title=\"Ringn\u00e4gel \/ Schraubn\u00e4gel in Rollen (F\u00fcr Bolzenschu\u00dfger\u00e4te)\" class=\"darkbox\" ><img decoding=\"async\" src=\"https:\/\/www.ibermetais.pt\/wp-content\/uploads\/2015\/09\/prd-prego-rolo-roscado-1-270x150.png\" alt=\"Ringn\u00e4gel \/ Schraubn\u00e4gel in Rollen (F\u00fcr Bolzenschu\u00dfger\u00e4te)\" \/> <\/a><\/figure><div class=\"desc\"><h5><a href=\"https:\/\/www.ibermetais.pt\/de\/portfolio-view\/prego-anelado-roscado-em-rolo-ppistola\/\" title=\"Ringn\u00e4gel \/ Schraubn\u00e4gel in Rollen (F\u00fcr Bolzenschu\u00dfger\u00e4te)\">Ringn\u00e4gel \/ Schraubn\u00e4gel in Rollen (F\u00fcr Bolzenschu\u00dfger\u00e4te)<\/a><\/h5><\/div><\/div><\/div><\/div>\n<\/div>\n<div class=\"clear\"><\/div><!-- .clear (end) -->\n<div class=\"spacer\"><\/div><!-- .spacer (end) --><\/div>\n<\/div><!-- .row (end) -->","protected":false},"excerpt":{"rendered":"","protected":false},"author":9009999101003,"featured_media":0,"parent":2218,"menu_order":0,"comment_status":"closed","ping_status":"closed","template":"page-fullwidth.php","meta":{"footnotes":""},"class_list":["post-2484","page","type-page","status-publish","hentry"],"_links":{"self":[{"href":"https:\/\/www.ibermetais.pt\/de\/wp-json\/wp\/v2\/pages\/2484","targetHints":{"allow":["GET"]}}],"collection":[{"href":"https:\/\/www.ibermetais.pt\/de\/wp-json\/wp\/v2\/pages"}],"about":[{"href":"https:\/\/www.ibermetais.pt\/de\/wp-json\/wp\/v2\/types\/page"}],"author":[{"embeddable":true,"href":"https:\/\/www.ibermetais.pt\/de\/wp-json\/wp\/v2\/users\/9009999101003"}],"replies":[{"embeddable":true,"href":"https:\/\/www.ibermetais.pt\/de\/wp-json\/wp\/v2\/comments?post=2484"}],"version-history":[{"count":163,"href":"https:\/\/www.ibermetais.pt\/de\/wp-json\/wp\/v2\/pages\/2484\/revisions"}],"predecessor-version":[{"id":40580,"href":"https:\/\/www.ibermetais.pt\/de\/wp-json\/wp\/v2\/pages\/2484\/revisions\/40580"}],"up":[{"embeddable":true,"href":"https:\/\/www.ibermetais.pt\/de\/wp-json\/wp\/v2\/pages\/2218"}],"wp:attachment":[{"href":"https:\/\/www.ibermetais.pt\/de\/wp-json\/wp\/v2\/media?parent=2484"}],"curies":[{"name":"wp","href":"https:\/\/api.w.org\/{rel}","templated":true}]}}