{"id":2626,"date":"2015-08-20T17:15:49","date_gmt":"2015-08-20T16:15:49","guid":{"rendered":"http:\/\/www.ibermetais.pt\/?page_id=2626"},"modified":"2023-07-21T10:11:00","modified_gmt":"2023-07-21T09:11:00","slug":"arame-recozido","status":"publish","type":"page","link":"https:\/\/www.ibermetais.pt\/de\/produtos\/arame-recozido\/","title":{"rendered":"Gegl\u00fchte Draht"},"content":{"rendered":"<div class=\"row \">\n<div class=\"span9 \"><div class=\"span3 \"><div class=\"banner-wrap \"><figure class=\"featured-thumbnail\"><a href=\"http:\/\/www.ibermetais.pt\/de\/portfolio-view\/arame-recozido-em-rolo\/\" title=\"GEGL\u00dcHTE DRAHT IN ROLLE\" class=\"darkbox\"><img decoding=\"async\" src=\"https:\/\/www.ibermetais.pt\/wp-content\/uploads\/2015\/08\/prd-arame-recozido-rolo-21.png\" title=\"GEGL\u00dcHTE DRAHT IN ROLLE\" alt=\"\" \/>\n<span class=\"zoom-icon\"><\/span>\n<\/a><\/figure><h5>GEGL\u00dcHTE DRAHT IN ROLLE<\/h5><\/div><!-- .banner-wrap (end) --><\/div>\n<div class=\"span3 \"><div class=\"banner-wrap \"><figure class=\"featured-thumbnail\"><a href=\"http:\/\/www.ibermetais.pt\/de\/portfolio-view\/arame-recozido-em-rolo-pequeno\/\" title=\"GEGL\u00dcHTE DRAHT IN KLEINE ROLLE\" class=\"darkbox\"><img decoding=\"async\" src=\"https:\/\/www.ibermetais.pt\/wp-content\/uploads\/2015\/08\/prd-arame-recozido-rolo-peq-1.png\" title=\"GEGL\u00dcHTE DRAHT IN KLEINE ROLLE\" alt=\"\" \/>\n<span class=\"zoom-icon\"><\/span>\n<\/a><\/figure><h5>GEGL\u00dcHTE DRAHT IN KLEINE ROLLE<\/h5><\/div><!-- .banner-wrap (end) --><\/div>\n<div class=\"span3 \"><div class=\"banner-wrap \"><figure class=\"featured-thumbnail\"><a href=\"http:\/\/www.ibermetais.pt\/de\/portfolio-view\/arame-recozido-em-bobine\/\" title=\"GEGL\u00dcHTE DRAHT IN COILS\" class=\"darkbox\"><img decoding=\"async\" src=\"https:\/\/www.ibermetais.pt\/wp-content\/uploads\/2015\/08\/prd-arame-recozido-bobine-15.png\" title=\"GEGL\u00dcHTE DRAHT IN COILS\" alt=\"\" \/>\n<span class=\"zoom-icon\"><\/span>\n<\/a><\/figure><h5>GEGL\u00dcHTE DRAHT IN COILS<\/h5><\/div><!-- .banner-wrap (end) --><\/div>\n<div class=\"clear\"><\/div><!-- .clear (end) -->\n<div class=\"span3 \"><div class=\"banner-wrap \"><figure class=\"featured-thumbnail\"><a href=\"http:\/\/www.ibermetais.pt\/de\/portfolio-view\/arame-recozido-em-bobine-pequena\/\" title=\"GEGL\u00dcHTE DRAHT IN KLEINE COILS\" class=\"darkbox\"><img decoding=\"async\" src=\"https:\/\/www.ibermetais.pt\/wp-content\/uploads\/2015\/08\/prd-arame-recozido-bobine-peq-3.png\" title=\"GEGL\u00dcHTE DRAHT IN KLEINE COILS\" alt=\"\" \/>\n<span class=\"zoom-icon\"><\/span>\n<\/a><\/figure><h5>GEGL\u00dcHTE DRAHT IN KLEINE COILS<\/h5><\/div><!-- .banner-wrap (end) --><\/div>\n<div class=\"span3 \"><div class=\"banner-wrap \"><figure class=\"featured-thumbnail\"><a href=\"http:\/\/www.ibermetais.pt\/de\/portfolio-view\/arame-recozido-em-vareta\/\" title=\"GEGL\u00dcHTE DRAHT IN ST\u00c4BEN\" class=\"darkbox\"><img decoding=\"async\" src=\"https:\/\/www.ibermetais.pt\/wp-content\/uploads\/2015\/08\/prd-arame-recozido-vareta-11.png\" title=\"GEGL\u00dcHTE DRAHT IN ST\u00c4BEN\" alt=\"\" \/>\n<span class=\"zoom-icon\"><\/span>\n<\/a><\/figure><h5>GEGL\u00dcHTE DRAHT IN ST\u00c4BEN<\/h5><\/div><!-- .banner-wrap (end) --><\/div>\n<div class=\"span3 \"><div class=\"banner-wrap \"><figure class=\"featured-thumbnail\"><a href=\"http:\/\/www.ibermetais.pt\/de\/portfolio-view\/blackmax-arame-recozido-extra-para-enfardamento\/\" title=\"BLACKMAX \u00ae \u2013 PREMIUM PRESSENDRAHT\" class=\"darkbox\"><img decoding=\"async\" src=\"https:\/\/www.ibermetais.pt\/wp-content\/uploads\/2015\/08\/prd-arame-recozido-blackmax-11.png\" title=\"BLACKMAX \u00ae \u2013 PREMIUM PRESSENDRAHT\" alt=\"\" \/>\n<span class=\"zoom-icon\"><\/span>\n<\/a><\/figure><h5>BLACKMAX \u00ae \u2013 PREMIUM PRESSENDRAHT<\/h5><\/div><!-- .banner-wrap (end) --><\/div><\/div>\n<div class=\"span3 \"><h3>Produkte<\/h3>\n<div class=\"list styled custom-list\">\n<ul>\n<li style=\"padding: 5px 0px 0px 10px; line-height: 17px; margin-bottom: 6px;\"><a title=\"Stahldrahtfasern IBERMIX \u00ae\" href=\"http:\/\/www.ibermetais.pt\/de\/produtos\/fibras\/\">Stahldrahtfasern IBERMIX \u00ae<\/a><\/li>\n<li style=\"padding: 5px 0px 0px 10px; line-height: 17px; margin-bottom: 6px;\"><a title=\"Blanker Draht in Rollen\" href=\"http:\/\/www.ibermetais.pt\/de\/portfolio-view\/arame-cru-em-rolo\/\">Blanker Draht in Rollen<\/a><\/li>\n<li style=\"padding: 5px 0px 0px 10px; line-height: 17px; margin-bottom: 6px;\"><a title=\"Blanker Draht in Kleine Rollen\" href=\"http:\/\/www.ibermetais.pt\/de\/portfolio-view\/arame-cru-em-rolo-pequeno\/\">Blanker Draht in Kleine Rollen<\/a><\/li>\n<li style=\"padding: 5px 0px 0px 10px; line-height: 17px; margin-bottom: 6px;\"><a title=\"Blanker Draht in Coils\" href=\"http:\/\/www.ibermetais.pt\/de\/portfolio-view\/arame-cru-em-bobine\/\">Blanker Draht in Coils<\/a><\/li>\n<li style=\"padding: 5px 0px 0px 10px; line-height: 17px; margin-bottom: 6px;\"><a title=\"Blanker Draht in Kleine Coils\" href=\"http:\/\/www.ibermetais.pt\/de\/portfolio-view\/arame-cru-em-bobine-pequena\/\">Blanker Draht in Kleine Coils<\/a><\/li>\n<li style=\"padding: 5px 0px 0px 10px; line-height: 17px; margin-bottom: 6px;\"><a title=\"Blanker Draht in Kleine Rollen in St\u00e4ben\" href=\"http:\/\/www.ibermetais.pt\/de\/portfolio-view\/arame-cru-em-vareta\/\">Blanker Draht in Kleine Rollen in St\u00e4ben<\/a><\/li>\n<li style=\"padding: 5px 0px 0px 10px; line-height: 17px; margin-bottom: 6px;\"><a title=\"Nagel\" href=\"http:\/\/www.ibermetais.pt\/de\/produtos\/prego\/\">Nagel<\/a><\/li>\n<\/ul>\n<div class=\"carousel-wrap font-size-letter-tittle\"><div id=\"owl-carousel-69d111186d795\" class=\"owl-carousel-portfolio owl-carousel\" data-items=\"1\" data-auto-play=\"5000\" data-nav=\"true\" data-pagination=\"false\"><div class=\"item format-standart item-list-0\"><figure><a href=\"https:\/\/www.ibermetais.pt\/de\/produtos\/fibras\/\" title=\"Stahldrahtfasern\" class=\"darkbox\" ><img decoding=\"async\" src=\"https:\/\/www.ibermetais.pt\/wp-content\/uploads\/2016\/01\/img-produto-fibras-270x150.png\" alt=\"Stahldrahtfasern\" \/> <\/a><\/figure><div class=\"desc\"><h5><a href=\"https:\/\/www.ibermetais.pt\/de\/produtos\/fibras\/\" title=\"Stahldrahtfasern\">Stahldrahtfasern<\/a><\/h5><\/div><\/div><div class=\"item format-standart item-list-1\"><figure><a href=\"https:\/\/www.ibermetais.pt\/de\/portfolio-view\/arame-cru-em-bobine\/\" title=\"Blanker Draht in Coils\" class=\"darkbox\" ><img decoding=\"async\" src=\"https:\/\/www.ibermetais.pt\/wp-content\/uploads\/2015\/08\/prd-arame-cru-bobine-1-270x150.png\" alt=\"Blanker Draht in Coils\" \/> <\/a><\/figure><div class=\"desc\"><h5><a href=\"https:\/\/www.ibermetais.pt\/de\/portfolio-view\/arame-cru-em-bobine\/\" title=\"Blanker Draht in Coils\">Blanker Draht in Coils<\/a><\/h5><\/div><\/div><div class=\"item format-standart item-list-2\"><figure><a href=\"https:\/\/www.ibermetais.pt\/de\/portfolio-view\/arame-cru-em-rolo\/\" title=\"Blanker Draht in Rollen\" class=\"darkbox\" ><img decoding=\"async\" src=\"https:\/\/www.ibermetais.pt\/wp-content\/uploads\/2015\/08\/prd-arame-cru-rolo-21-270x150.png\" alt=\"Blanker Draht in Rollen\" \/> <\/a><\/figure><div class=\"desc\"><h5><a href=\"https:\/\/www.ibermetais.pt\/de\/portfolio-view\/arame-cru-em-rolo\/\" title=\"Blanker Draht in Rollen\">Blanker Draht in Rollen<\/a><\/h5><\/div><\/div><div class=\"item format-standart item-list-3\"><figure><a href=\"https:\/\/www.ibermetais.pt\/de\/portfolio-view\/arame-cru-em-rolo-pequeno\/\" title=\"Blanker Draht in Kleine Rollen\" class=\"darkbox\" ><img decoding=\"async\" src=\"https:\/\/www.ibermetais.pt\/wp-content\/uploads\/2015\/08\/prd-arame-cru-rolo-peq-1-270x150.png\" alt=\"Blanker Draht in Kleine Rollen\" \/> <\/a><\/figure><div class=\"desc\"><h5><a href=\"https:\/\/www.ibermetais.pt\/de\/portfolio-view\/arame-cru-em-rolo-pequeno\/\" title=\"Blanker Draht in Kleine Rollen\">Blanker Draht in Kleine Rollen<\/a><\/h5><\/div><\/div><div class=\"item format-standart item-list-4\"><figure><a href=\"https:\/\/www.ibermetais.pt\/de\/portfolio-view\/arame-cru-em-bobine-pequena\/\" title=\"Blanker Draht in Kleine Coils\" class=\"darkbox\" ><img decoding=\"async\" src=\"https:\/\/www.ibermetais.pt\/wp-content\/uploads\/2015\/08\/prd-arame-cru-bobine-peq-1-270x150.png\" alt=\"Blanker Draht in Kleine Coils\" \/> <\/a><\/figure><div class=\"desc\"><h5><a href=\"https:\/\/www.ibermetais.pt\/de\/portfolio-view\/arame-cru-em-bobine-pequena\/\" title=\"Blanker Draht in Kleine Coils\">Blanker Draht in Kleine Coils<\/a><\/h5><\/div><\/div><div class=\"item format-standart item-list-5\"><figure><a href=\"https:\/\/www.ibermetais.pt\/de\/portfolio-view\/arame-cru-em-vareta\/\" title=\"Blanker Draht in Kleine Rollen in St\u00e4ben\" class=\"darkbox\" ><img decoding=\"async\" src=\"https:\/\/www.ibermetais.pt\/wp-content\/uploads\/2015\/08\/prd-arame-cru-vareta-11-270x150.png\" alt=\"Blanker Draht in Kleine Rollen in St\u00e4ben\" \/> <\/a><\/figure><div class=\"desc\"><h5><a href=\"https:\/\/www.ibermetais.pt\/de\/portfolio-view\/arame-cru-em-vareta\/\" title=\"Blanker Draht in Kleine Rollen in St\u00e4ben\">Blanker Draht in Kleine Rollen in St\u00e4ben<\/a><\/h5><\/div><\/div><div class=\"item format-standart item-list-6\"><figure><a href=\"https:\/\/www.ibermetais.pt\/de\/portfolio-view\/prego-quadrado\/\" title=\"Quadratnagel\" class=\"darkbox\" ><img decoding=\"async\" src=\"https:\/\/www.ibermetais.pt\/wp-content\/uploads\/2015\/08\/prd-prego-quadrado-construcao-2-270x150.png\" alt=\"Quadratnagel\" \/> <\/a><\/figure><div class=\"desc\"><h5><a href=\"https:\/\/www.ibermetais.pt\/de\/portfolio-view\/prego-quadrado\/\" title=\"Quadratnagel\">Quadratnagel<\/a><\/h5><\/div><\/div><div class=\"item format-standart item-list-7\"><figure><a href=\"https:\/\/www.ibermetais.pt\/de\/portfolio-view\/prego-redondo\/\" title=\"Runde Nagel\" class=\"darkbox\" ><img decoding=\"async\" src=\"https:\/\/www.ibermetais.pt\/wp-content\/uploads\/2015\/08\/prd-prego-redondo-construcao-3-270x150.png\" alt=\"Runde Nagel\" \/> <\/a><\/figure><div class=\"desc\"><h5><a href=\"https:\/\/www.ibermetais.pt\/de\/portfolio-view\/prego-redondo\/\" title=\"Runde Nagel\">Runde Nagel<\/a><\/h5><\/div><\/div><div class=\"item format-standart item-list-8\"><figure><a href=\"https:\/\/www.ibermetais.pt\/de\/portfolio-view\/prego-anelado\/\" title=\"Ringn\u00e4gel\" class=\"darkbox\" ><img decoding=\"async\" src=\"https:\/\/www.ibermetais.pt\/wp-content\/uploads\/2015\/09\/prd-prego-anelado-2-270x150.png\" alt=\"Ringn\u00e4gel\" \/> <\/a><\/figure><div class=\"desc\"><h5><a href=\"https:\/\/www.ibermetais.pt\/de\/portfolio-view\/prego-anelado\/\" title=\"Ringn\u00e4gel\">Ringn\u00e4gel<\/a><\/h5><\/div><\/div><div class=\"item format-standart item-list-9\"><figure><a href=\"https:\/\/www.ibermetais.pt\/de\/portfolio-view\/prego-roscado\/\" title=\"Schraubn\u00e4gel\" class=\"darkbox\" ><img decoding=\"async\" src=\"https:\/\/www.ibermetais.pt\/wp-content\/uploads\/2015\/09\/prd-prego-roscado-1-270x150.png\" alt=\"Schraubn\u00e4gel\" \/> <\/a><\/figure><div class=\"desc\"><h5><a href=\"https:\/\/www.ibermetais.pt\/de\/portfolio-view\/prego-roscado\/\" title=\"Schraubn\u00e4gel\">Schraubn\u00e4gel<\/a><\/h5><\/div><\/div><div class=\"item format-standart item-list-10\"><figure><a href=\"https:\/\/www.ibermetais.pt\/de\/portfolio-view\/prego-ponta-biselada\/\" title=\"Nietn\u00e4gel\" class=\"darkbox\" ><img decoding=\"async\" src=\"https:\/\/www.ibermetais.pt\/wp-content\/uploads\/2015\/09\/prd-prego-ponta-biselada-1-270x150.png\" alt=\"Nietn\u00e4gel\" \/> <\/a><\/figure><div class=\"desc\"><h5><a href=\"https:\/\/www.ibermetais.pt\/de\/portfolio-view\/prego-ponta-biselada\/\" title=\"Nietn\u00e4gel\">Nietn\u00e4gel<\/a><\/h5><\/div><\/div><div class=\"item format-standart item-list-11\"><figure><a href=\"https:\/\/www.ibermetais.pt\/de\/portfolio-view\/prego-anelado-roscado-em-rolo-ppistola\/\" title=\"Ringn\u00e4gel \/ Schraubn\u00e4gel in Rollen (F\u00fcr Bolzenschu\u00dfger\u00e4te)\" class=\"darkbox\" ><img decoding=\"async\" src=\"https:\/\/www.ibermetais.pt\/wp-content\/uploads\/2015\/09\/prd-prego-rolo-roscado-1-270x150.png\" alt=\"Ringn\u00e4gel \/ Schraubn\u00e4gel in Rollen (F\u00fcr Bolzenschu\u00dfger\u00e4te)\" \/> <\/a><\/figure><div class=\"desc\"><h5><a href=\"https:\/\/www.ibermetais.pt\/de\/portfolio-view\/prego-anelado-roscado-em-rolo-ppistola\/\" title=\"Ringn\u00e4gel \/ Schraubn\u00e4gel in Rollen (F\u00fcr Bolzenschu\u00dfger\u00e4te)\">Ringn\u00e4gel \/ Schraubn\u00e4gel in Rollen (F\u00fcr Bolzenschu\u00dfger\u00e4te)<\/a><\/h5><\/div><\/div><\/div><\/div>\n<\/div>\n<div class=\"clear\"><\/div><!-- .clear (end) -->\n<div class=\"spacer\"><\/div><!-- .spacer (end) --><\/div>\n<\/div><!-- .row (end) -->","protected":false},"excerpt":{"rendered":"","protected":false},"author":9009999101003,"featured_media":0,"parent":2218,"menu_order":0,"comment_status":"closed","ping_status":"closed","template":"page-fullwidth.php","meta":{"footnotes":""},"class_list":["post-2626","page","type-page","status-publish","hentry"],"_links":{"self":[{"href":"https:\/\/www.ibermetais.pt\/de\/wp-json\/wp\/v2\/pages\/2626","targetHints":{"allow":["GET"]}}],"collection":[{"href":"https:\/\/www.ibermetais.pt\/de\/wp-json\/wp\/v2\/pages"}],"about":[{"href":"https:\/\/www.ibermetais.pt\/de\/wp-json\/wp\/v2\/types\/page"}],"author":[{"embeddable":true,"href":"https:\/\/www.ibermetais.pt\/de\/wp-json\/wp\/v2\/users\/9009999101003"}],"replies":[{"embeddable":true,"href":"https:\/\/www.ibermetais.pt\/de\/wp-json\/wp\/v2\/comments?post=2626"}],"version-history":[{"count":80,"href":"https:\/\/www.ibermetais.pt\/de\/wp-json\/wp\/v2\/pages\/2626\/revisions"}],"predecessor-version":[{"id":40578,"href":"https:\/\/www.ibermetais.pt\/de\/wp-json\/wp\/v2\/pages\/2626\/revisions\/40578"}],"up":[{"embeddable":true,"href":"https:\/\/www.ibermetais.pt\/de\/wp-json\/wp\/v2\/pages\/2218"}],"wp:attachment":[{"href":"https:\/\/www.ibermetais.pt\/de\/wp-json\/wp\/v2\/media?parent=2626"}],"curies":[{"name":"wp","href":"https:\/\/api.w.org\/{rel}","templated":true}]}}