{"id":3426,"date":"2015-10-09T17:00:30","date_gmt":"2015-10-09T17:00:30","guid":{"rendered":"http:\/\/www.ibermetais.pt\/?page_id=3426"},"modified":"2017-01-20T10:03:57","modified_gmt":"2017-01-20T10:03:57","slug":"exportacao","status":"publish","type":"page","link":"https:\/\/www.ibermetais.pt\/de\/exportacao\/","title":{"rendered":"Export"},"content":{"rendered":"<div class=\"row \">\n<div class=\"span12 \"><p style=\"text-align: justify;\"><strong>IBERMETAIS - Ind\u00fastria de Trefilagem S.A.<\/strong>, ist eine klare exportorientiertes Unternehmen. Derzeit mehr als 60% der Produktion ist f\u00fcr die ausl\u00e4ndische M\u00e4rkte bestimmt, verteilt in mehr als 85 L\u00e4ndern auf 5 Kontinenten.\n<\/p>\n<p style=\"text-align: justify;\">Eine agile und flexible Struktur, durch eine konsolidierte Erfahrung in Logistik und Transport unterst\u00fctzt, erlaubt eine effektive Antwort auf die Bed\u00fcrfnisse und Anforderungen seiner Kunden.<\/p>\n<p style=\"text-align: justify;\">Mit einer vern\u00fcnftigen Kombination von verschiedenen Verkehrsmitteln und starke Partnerschaften mit weltweit Logistikunternehmen, \u00fcbernimmt IBERMETAIS verantwortungsvoll die Herausforderungen der Wettbewerbsf\u00e4higkeit und bietet dem Markt eine hohe Wertangebot.\n<\/p>\n<p><img loading=\"lazy\" decoding=\"async\" src=\"http:\/\/www.ibermetais.pt\/wp-content\/uploads\/2016\/04\/img-exportacao-1.png\" width=\"1273\" height=\"351\" class=\"aligncenter size-full wp-image-4900\" \/><\/p>\n<div class=\"content-page\"><\/div><\/div>\n<\/div><!-- .row (end) -->","protected":false},"excerpt":{"rendered":"","protected":false},"author":9009999101003,"featured_media":0,"parent":0,"menu_order":0,"comment_status":"closed","ping_status":"closed","template":"page-fullwidth.php","meta":{"footnotes":""},"class_list":["post-3426","page","type-page","status-publish","hentry"],"_links":{"self":[{"href":"https:\/\/www.ibermetais.pt\/de\/wp-json\/wp\/v2\/pages\/3426","targetHints":{"allow":["GET"]}}],"collection":[{"href":"https:\/\/www.ibermetais.pt\/de\/wp-json\/wp\/v2\/pages"}],"about":[{"href":"https:\/\/www.ibermetais.pt\/de\/wp-json\/wp\/v2\/types\/page"}],"author":[{"embeddable":true,"href":"https:\/\/www.ibermetais.pt\/de\/wp-json\/wp\/v2\/users\/9009999101003"}],"replies":[{"embeddable":true,"href":"https:\/\/www.ibermetais.pt\/de\/wp-json\/wp\/v2\/comments?post=3426"}],"version-history":[{"count":21,"href":"https:\/\/www.ibermetais.pt\/de\/wp-json\/wp\/v2\/pages\/3426\/revisions"}],"predecessor-version":[{"id":5276,"href":"https:\/\/www.ibermetais.pt\/de\/wp-json\/wp\/v2\/pages\/3426\/revisions\/5276"}],"wp:attachment":[{"href":"https:\/\/www.ibermetais.pt\/de\/wp-json\/wp\/v2\/media?parent=3426"}],"curies":[{"name":"wp","href":"https:\/\/api.w.org\/{rel}","templated":true}]}}