{"id":2016,"date":"2015-08-12T11:42:06","date_gmt":"2015-08-12T11:42:06","guid":{"rendered":"http:\/\/www.ibermetais.pt\/?page_id=2016"},"modified":"2018-10-24T16:03:59","modified_gmt":"2018-10-24T15:03:59","slug":"grupo-fapricela-industria","status":"publish","type":"page","link":"https:\/\/www.ibermetais.pt\/en\/empresa\/grupo-fapricela-industria\/","title":{"rendered":"Fapricela Industry Group"},"content":{"rendered":"<div class=\"row \">\n<div class=\"span12 \"><img decoding=\"async\" src=\"http:\/\/www.ibermetais.pt\/wp-content\/uploads\/2015\/08\/Fapricela_Industria1.png\" alt=\"Fapricela_Industria\" height=\"183\" class=\"alignleft size-full wp-image-2024\" style=\"width: 300px; border-radius: 15px 15px 15px 15px; box-shadow: 0px 1px 20px 2px black; -webkit-box-shadow: 0px 1px 20px 2px black; -moz-box-shadow: 0px 1px 20px 2px black;\" srcset=\"https:\/\/www.ibermetais.pt\/wp-content\/uploads\/2015\/08\/Fapricela_Industria1.png 383w, https:\/\/www.ibermetais.pt\/wp-content\/uploads\/2015\/08\/Fapricela_Industria1-300x143.png 300w\" sizes=\"(max-width: 383px) 100vw, 383px\" \/><\/p>\n<p style=\"text-align: justify;\"><strong>Fapricela - Ind\u00fastria de Trefilaria, S.A.<\/strong>, a family-owned company, founded in 1977, started its activity dedicated mainly to the manufacturing of construction nail. Over the years, combined with its gradual valorization, new products were integrated on its products range as a result of the market changes: fencing; wires; welded mesh; wire and string low relaxation strand and spring wire.\n<\/p>\n<p style=\"text-align: justify;\">In fact, throughout its history, the company has always based its activity on the products quality, the continued investment, focusing and combining innovation and high technology (automation equipment), and also a systematic quality control, these coordinates currently allow the assumption as one of the largest wire drawing companies in Europe, with a production aimed both to domestic and external markets, and a turnover of around \u20ac125.000.000, contrasting with the \u20ac9.980 in 1977.\n<\/p>\n<p style=\"text-align: justify;\">Fapricela\u2019s facilities nowadays occupy a covered area of 90.000m<sup>2<\/sup> and the surrounding land is of about 200.000m<sup>2<\/sup>. Featuring 320 employees, Fapricela is currently consolidating as one of the largest employers in the central region, which, with a set of focused financial management efforts assumes the ideal to produce with quality satisfying requirements.\n<\/p>\n<h5>Ibermetais Ind\u00fastria de Trefilagem<\/h5>\n<p><img decoding=\"async\" src=\"http:\/\/www.ibermetais.pt\/wp-content\/uploads\/2015\/08\/entrada-ibermetais.png\" alt=\"entrada-ibermetais\" height=\"247\" class=\"alignright size-full wp-image-2030\" srcset=\"https:\/\/www.ibermetais.pt\/wp-content\/uploads\/2015\/08\/entrada-ibermetais.png 370w, https:\/\/www.ibermetais.pt\/wp-content\/uploads\/2015\/08\/entrada-ibermetais-300x200.png 300w\" sizes=\"(max-width: 370px) 100vw, 370px\" \/><\/p>\n<p style=\"text-align: justify;\">In June 2007, the Group Fapricela Ind\u00fastria acquired the company Ibermetais - Ind\u00fastria de Trefilagem, S.A., founded in 1971, located in Freamunde - Pa\u00e7os de Ferreira, dedicated to wire drawing activity of soft steel, low-carbon (bright and annealed) wires.<\/p>\n<p style=\"text-align: justify;\">Being one of the oldest companies in the region, currently employs 93 workers, having a covered area of 20.000m<sup>2<\/sup> and 50.000m<sup>2<\/sup> surrounding land. In 2015 Ibermetais had a turnover of \u20ac 15 million, emphasizing that 60% of its production is exported.\n<\/p><\/div>\n<\/div><!-- .row (end) -->\n<div class=\"content-page\"><\/div>","protected":false},"excerpt":{"rendered":"","protected":false},"author":9009999101003,"featured_media":0,"parent":1997,"menu_order":0,"comment_status":"closed","ping_status":"closed","template":"page-fullwidth.php","meta":{"footnotes":""},"class_list":["post-2016","page","type-page","status-publish","hentry"],"_links":{"self":[{"href":"https:\/\/www.ibermetais.pt\/en\/wp-json\/wp\/v2\/pages\/2016","targetHints":{"allow":["GET"]}}],"collection":[{"href":"https:\/\/www.ibermetais.pt\/en\/wp-json\/wp\/v2\/pages"}],"about":[{"href":"https:\/\/www.ibermetais.pt\/en\/wp-json\/wp\/v2\/types\/page"}],"author":[{"embeddable":true,"href":"https:\/\/www.ibermetais.pt\/en\/wp-json\/wp\/v2\/users\/9009999101003"}],"replies":[{"embeddable":true,"href":"https:\/\/www.ibermetais.pt\/en\/wp-json\/wp\/v2\/comments?post=2016"}],"version-history":[{"count":37,"href":"https:\/\/www.ibermetais.pt\/en\/wp-json\/wp\/v2\/pages\/2016\/revisions"}],"predecessor-version":[{"id":14859,"href":"https:\/\/www.ibermetais.pt\/en\/wp-json\/wp\/v2\/pages\/2016\/revisions\/14859"}],"up":[{"embeddable":true,"href":"https:\/\/www.ibermetais.pt\/en\/wp-json\/wp\/v2\/pages\/1997"}],"wp:attachment":[{"href":"https:\/\/www.ibermetais.pt\/en\/wp-json\/wp\/v2\/media?parent=2016"}],"curies":[{"name":"wp","href":"https:\/\/api.w.org\/{rel}","templated":true}]}}