{"id":1997,"date":"2015-08-12T11:05:57","date_gmt":"2015-08-12T10:05:57","guid":{"rendered":"http:\/\/www.ibermetais.pt\/?page_id=1997"},"modified":"2018-10-24T16:06:35","modified_gmt":"2018-10-24T15:06:35","slug":"empresa","status":"publish","type":"page","link":"https:\/\/www.ibermetais.pt\/es\/empresa\/","title":{"rendered":"La empresa"},"content":{"rendered":"<div class=\"row \">\n<div class=\"span12 \"><img decoding=\"async\" src=\"http:\/\/www.ibermetais.pt\/wp-content\/uploads\/2015\/08\/fachada-ibermetais.png\" alt=\"fachada-ibermetais\" height=\"213\" class=\"alignright size-full wp-image-2007\" srcset=\"https:\/\/www.ibermetais.pt\/wp-content\/uploads\/2015\/08\/fachada-ibermetais.png 320w, https:\/\/www.ibermetais.pt\/wp-content\/uploads\/2015\/08\/fachada-ibermetais-300x200.png 300w\" sizes=\"(max-width: 320px) 100vw, 320px\" \/><\/p>\n<p style=\"text-align: justify;\"><strong>IBERMETAIS <\/strong>inici\u00f3 su actividad en 1971. En la d\u00e9cada de los a\u00f1os 90, y atenta a la evoluci\u00f3n de los mercados, dot\u00f3 su planta con tecnolog\u00eda para satisfacer las demandas del mercado del alambre, obteniendo la certificaci\u00f3n en 1999.<\/p>\n<p style=\"text-align: justify;\">Hoy en d\u00eda, Ibermetais es reconocida y aceptada en el mercado ib\u00e9rico, por la credibilidad de sus productos y  por tener un servicio adecuado a las exigencias del futuro.<\/p>\n<p style=\"text-align: justify;\">Como compa\u00f1eros de clientes tenemos industrias metal\u00fargicas y metalmec\u00e1nicas avanzadas, empacadoras de diversos productos, grandes almacenes para la construcci\u00f3n y operadores agr\u00edcolas.<\/p>\n<p style=\"text-align: justify;\"><strong><em>Trabajamos para seguir siendo dignos de la confianza que el mercado exige.<\/em><\/strong><\/p>\n<p style=\"text-align: justify;\">Ibermetais, Ind\u00fastria de Trefilagem S.A., con N\u00famero de Identificaci\u00f3n Tributaria - 500 135 932, inscrita en el Registro de Comercio del Distrito de Pa\u00e7os Ferreira bajo el N \u00b0 47.<\/p><\/div>\n<\/div><!-- .row (end) -->\n<div class=\"content-page\"><\/div>","protected":false},"excerpt":{"rendered":"","protected":false},"author":9009999101003,"featured_media":0,"parent":0,"menu_order":0,"comment_status":"closed","ping_status":"closed","template":"page-fullwidth.php","meta":{"footnotes":""},"class_list":["post-1997","page","type-page","status-publish","hentry"],"_links":{"self":[{"href":"https:\/\/www.ibermetais.pt\/es\/wp-json\/wp\/v2\/pages\/1997","targetHints":{"allow":["GET"]}}],"collection":[{"href":"https:\/\/www.ibermetais.pt\/es\/wp-json\/wp\/v2\/pages"}],"about":[{"href":"https:\/\/www.ibermetais.pt\/es\/wp-json\/wp\/v2\/types\/page"}],"author":[{"embeddable":true,"href":"https:\/\/www.ibermetais.pt\/es\/wp-json\/wp\/v2\/users\/9009999101003"}],"replies":[{"embeddable":true,"href":"https:\/\/www.ibermetais.pt\/es\/wp-json\/wp\/v2\/comments?post=1997"}],"version-history":[{"count":27,"href":"https:\/\/www.ibermetais.pt\/es\/wp-json\/wp\/v2\/pages\/1997\/revisions"}],"predecessor-version":[{"id":14862,"href":"https:\/\/www.ibermetais.pt\/es\/wp-json\/wp\/v2\/pages\/1997\/revisions\/14862"}],"wp:attachment":[{"href":"https:\/\/www.ibermetais.pt\/es\/wp-json\/wp\/v2\/media?parent=1997"}],"curies":[{"name":"wp","href":"https:\/\/api.w.org\/{rel}","templated":true}]}}