{"id":2012,"date":"2015-08-12T11:39:34","date_gmt":"2015-08-12T10:39:34","guid":{"rendered":"http:\/\/www.ibermetais.pt\/?page_id=2012"},"modified":"2018-10-24T17:21:10","modified_gmt":"2018-10-24T16:21:10","slug":"missao-e-valores","status":"publish","type":"page","link":"https:\/\/www.ibermetais.pt\/es\/empresa\/missao-e-valores\/","title":{"rendered":"Misi\u00f3n y Principios"},"content":{"rendered":"<div class=\"row \">\n<div class=\"span12 \"><p style=\"text-align: justify;\">Ibermetais, Industria de Trefilar\u00eda, SA inici\u00f3 su actividad industrial en 1971, y durante estos a\u00f1os, su valoraci\u00f3n gradual le permiti\u00f3 integrar en su negocio productos de los cuales se destacan:<\/p>\n<ul>\n<li style=\"text-align: justify;\">Alambre de acero brillante en bobina, rollo y varilla;<\/li>\n<li style=\"text-align: justify;\">Alambre de acero suave recocido en bobina, rollo y varilla;<\/li>\n<li style=\"text-align: justify;\">Fibras met\u00e1licas de acero de bajo contenido de carbono.<\/li>\n<\/ul>\n<p><\/p>\n<p style=\"text-align: justify;\">Empresa integrada en un grupo con tradici\u00f3n industrial, con una filosof\u00eda de incremento y modernizaci\u00f3n, con objetivos claros y donde la innovaci\u00f3n t\u00e9cnica y comercial constantes, son cruciales para su desarrollo.<\/p><\/div>\n<\/div><!-- .row (end) -->\n<div class=\"content-page\"><\/div>","protected":false},"excerpt":{"rendered":"","protected":false},"author":9009999101003,"featured_media":0,"parent":1997,"menu_order":0,"comment_status":"closed","ping_status":"closed","template":"page-fullwidth.php","meta":{"footnotes":""},"class_list":["post-2012","page","type-page","status-publish","hentry"],"_links":{"self":[{"href":"https:\/\/www.ibermetais.pt\/es\/wp-json\/wp\/v2\/pages\/2012","targetHints":{"allow":["GET"]}}],"collection":[{"href":"https:\/\/www.ibermetais.pt\/es\/wp-json\/wp\/v2\/pages"}],"about":[{"href":"https:\/\/www.ibermetais.pt\/es\/wp-json\/wp\/v2\/types\/page"}],"author":[{"embeddable":true,"href":"https:\/\/www.ibermetais.pt\/es\/wp-json\/wp\/v2\/users\/9009999101003"}],"replies":[{"embeddable":true,"href":"https:\/\/www.ibermetais.pt\/es\/wp-json\/wp\/v2\/comments?post=2012"}],"version-history":[{"count":16,"href":"https:\/\/www.ibermetais.pt\/es\/wp-json\/wp\/v2\/pages\/2012\/revisions"}],"predecessor-version":[{"id":14864,"href":"https:\/\/www.ibermetais.pt\/es\/wp-json\/wp\/v2\/pages\/2012\/revisions\/14864"}],"up":[{"embeddable":true,"href":"https:\/\/www.ibermetais.pt\/es\/wp-json\/wp\/v2\/pages\/1997"}],"wp:attachment":[{"href":"https:\/\/www.ibermetais.pt\/es\/wp-json\/wp\/v2\/media?parent=2012"}],"curies":[{"name":"wp","href":"https:\/\/api.w.org\/{rel}","templated":true}]}}