{"id":2014,"date":"2015-08-12T11:40:54","date_gmt":"2015-08-12T10:40:54","guid":{"rendered":"http:\/\/www.ibermetais.pt\/?page_id=2014"},"modified":"2018-10-24T17:23:26","modified_gmt":"2018-10-24T16:23:26","slug":"estrategia","status":"publish","type":"page","link":"https:\/\/www.ibermetais.pt\/es\/empresa\/estrategia\/","title":{"rendered":"Estrategia"},"content":{"rendered":"<div class=\"row \">\n<div class=\"span12 \"><p style=\"text-align: justify;\">IBERMETAIS, fue adquirida en junio de 2007 por Fapricela, no simplemente con el prop\u00f3sito de ampliar su gama de productos, sino tambi\u00e9n, con la convicci\u00f3n de ser capaz de crear un centro de negocios en el sector de la Industria Trefilar\u00eda para que pueda fortalecer el liderazgo nacional y una importante presencia internacional, corporizando el llamado Grupo Industria Fapricela.<\/p>\n<p style=\"text-align: justify;\">Los objetivos del Grupo son claros, uniendo actualmente  dos empresas con experiencia y recursos, que trabajan en asociaci\u00f3n con el fin de fortalecer y mejorar el sector de la Industria de Trefilar\u00eda.<\/p>\n<p style=\"text-align: justify;\">Aprovechando el \"know how\" de Fapricela - Industria Trefilar\u00eda, SA y dando a Ibermetais la fabricaci\u00f3n de nuevos productos, o mejorando los ya existentes, nuevas tecnolog\u00edas, nuevos procesos de fabricaci\u00f3n, nuevos mercados, incluyendo las etapas de concepci\u00f3n en la producci\u00f3n, distribuci\u00f3n y comercializaci\u00f3n, consagrando as\u00ed una vanguardia tecnol\u00f3gica. El Grupo de Industria Fapricela exige a si mismo un esfuerzo considerable de cooperaci\u00f3n entre empresas donde el conocimiento y la innovaci\u00f3n son atributos necesarios e indispensables a la formaci\u00f3n de niveles de competitividad que sean capaces de concebir productos y servicios que tengan como destino no solamente el mercado interno, sino, sobre todo, el internacional.<\/p>\n<p style=\"text-align: justify;\">Sintetizando los objetivos del Grupo Fapricela Industria, la consolidaci\u00f3n de las competencias en la innovaci\u00f3n y el aumento en el volumen de las exportaciones en su conjunto, con una presencia significativa, son caracter\u00edsticas clave deseadas en la creaci\u00f3n, desarrollo y sostenibilidad en la industria en la que opera.<\/p><\/div>\n<\/div><!-- .row (end) -->\n<div class=\"content-page\"><\/div>","protected":false},"excerpt":{"rendered":"","protected":false},"author":9009999101003,"featured_media":0,"parent":1997,"menu_order":0,"comment_status":"closed","ping_status":"closed","template":"page-fullwidth.php","meta":{"footnotes":""},"class_list":["post-2014","page","type-page","status-publish","hentry"],"_links":{"self":[{"href":"https:\/\/www.ibermetais.pt\/es\/wp-json\/wp\/v2\/pages\/2014","targetHints":{"allow":["GET"]}}],"collection":[{"href":"https:\/\/www.ibermetais.pt\/es\/wp-json\/wp\/v2\/pages"}],"about":[{"href":"https:\/\/www.ibermetais.pt\/es\/wp-json\/wp\/v2\/types\/page"}],"author":[{"embeddable":true,"href":"https:\/\/www.ibermetais.pt\/es\/wp-json\/wp\/v2\/users\/9009999101003"}],"replies":[{"embeddable":true,"href":"https:\/\/www.ibermetais.pt\/es\/wp-json\/wp\/v2\/comments?post=2014"}],"version-history":[{"count":14,"href":"https:\/\/www.ibermetais.pt\/es\/wp-json\/wp\/v2\/pages\/2014\/revisions"}],"predecessor-version":[{"id":14866,"href":"https:\/\/www.ibermetais.pt\/es\/wp-json\/wp\/v2\/pages\/2014\/revisions\/14866"}],"up":[{"embeddable":true,"href":"https:\/\/www.ibermetais.pt\/es\/wp-json\/wp\/v2\/pages\/1997"}],"wp:attachment":[{"href":"https:\/\/www.ibermetais.pt\/es\/wp-json\/wp\/v2\/media?parent=2014"}],"curies":[{"name":"wp","href":"https:\/\/api.w.org\/{rel}","templated":true}]}}