{"id":2016,"date":"2015-08-12T11:42:06","date_gmt":"2015-08-12T11:42:06","guid":{"rendered":"http:\/\/www.ibermetais.pt\/?page_id=2016"},"modified":"2018-10-24T16:03:59","modified_gmt":"2018-10-24T15:03:59","slug":"grupo-fapricela-industria","status":"publish","type":"page","link":"https:\/\/www.ibermetais.pt\/es\/empresa\/grupo-fapricela-industria\/","title":{"rendered":"Grupo Fapricela Industria"},"content":{"rendered":"<div class=\"row \">\n<div class=\"span12 \"><img decoding=\"async\" src=\"http:\/\/www.ibermetais.pt\/wp-content\/uploads\/2015\/08\/Fapricela_Industria1.png\" alt=\"Fapricela_Industria\" height=\"183\" class=\"alignleft size-full wp-image-2024\" style=\"width: 300px; border-radius: 15px 15px 15px 15px; box-shadow: 0px 1px 20px 2px black; -webkit-box-shadow: 0px 1px 20px 2px black; -moz-box-shadow: 0px 1px 20px 2px black;\" srcset=\"https:\/\/www.ibermetais.pt\/wp-content\/uploads\/2015\/08\/Fapricela_Industria1.png 383w, https:\/\/www.ibermetais.pt\/wp-content\/uploads\/2015\/08\/Fapricela_Industria1-300x143.png 300w\" sizes=\"(max-width: 383px) 100vw, 383px\" \/><\/p>\n<p style=\"text-align: justify;\"><strong>Fapricela - Industria Trefilaria, SA<\/strong>, una empresa familiar, fundada en 1977, empez\u00f3 su actividad dedicada principalmente a la fabricaci\u00f3n de puntas por la construcci\u00f3n. Con los a\u00f1os y junto con su valoraci\u00f3n progresiva, se fueron integrando en su actividad nuevos productos consecuentes de las mutables demandas del mercado: redes; alambre; malazo; alambre y cord\u00f3n de acero de baja relajaci\u00f3n para pre y post tensi\u00f3n y alambre de muelles.\n<\/p>\n<p style=\"text-align: justify;\">De hecho, a lo largo de su camino evolutivo, la empresa ha basado siempre su actividad en la calidad de los productos, la inversi\u00f3n continua, privilegiando la conjugaci\u00f3n de la innovaci\u00f3n y de la alta tecnolog\u00eda (automatizaci\u00f3n de equipos), y tambi\u00e9n el control sistem\u00e1tico de calidad, coordenadas que han permitido que actualmente se asuma como una de las m\u00e1s grandes trefilar\u00edas de Europa, con una producci\u00f3n destinada a los mercados nacionales y extranjeros, y una facturaci\u00f3n de unos 125 millones de \u20ac, contrapuestos a los \u20ac 9.980 facturados en el a\u00f1o de 1977.\n<\/p>\n<p style=\"text-align: justify;\">Las instalaciones de Fapricela ocupan hoy una superficie cubierta de 90.000m<sup>2<\/sup> y un \u00e1rea circundante de 200.000m<sup>2<\/sup>, con 320 trabajadores en la actualidad, consolid\u00e1ndose como uno de los mayores empleadores de la regi\u00f3n centro del pa\u00eds, que, con un esfuerzo conjunto de una gesti\u00f3n financiera espec\u00edfica, considera cada vez m\u00e1s, como requisito ideal, producir con calidad que cumpla las exigencias.\n<\/p>\n<h5>Ibermetais Industria del Trefilar\u00eda<\/h5>\n<p><img decoding=\"async\" src=\"http:\/\/www.ibermetais.pt\/wp-content\/uploads\/2015\/08\/entrada-ibermetais.png\" alt=\"entrada-ibermetais\" height=\"247\" class=\"alignright size-full wp-image-2030\" srcset=\"https:\/\/www.ibermetais.pt\/wp-content\/uploads\/2015\/08\/entrada-ibermetais.png 370w, https:\/\/www.ibermetais.pt\/wp-content\/uploads\/2015\/08\/entrada-ibermetais-300x200.png 300w\" sizes=\"(max-width: 370px) 100vw, 370px\" \/><\/p>\n<p style=\"text-align: justify;\">En junio de 2007, el Grupo Fapricela Industria adquiri\u00f3 la empresa Ibermetais industria de Trefilar\u00eda, S.A., fundada en 1971, ubicada en Freamunde - Pa\u00e7os de Ferreira, dedicada a actividades de trefilado de aceros suaves (no conectado), de bajo contenido de carbono (alambres crudos y recocidos).<\/p>\n<p style=\"text-align: justify;\">Siendo una de las empresas m\u00e1s antiguas de la regi\u00f3n, emplea en la actualidad 93 trabajadores, dispone de una superficie cubierta de 20.000m<sup>2<\/sup> y 50.000m<sup>2<\/sup> de \u00e1rea circundante. Ibermetais tuvo en 2015 un volumen de facturaci\u00f3n de 15 millones de \u20ac, destacando que 60% de su producci\u00f3n se exporta.\n<\/p><\/div>\n<\/div><!-- .row (end) -->\n<div class=\"content-page\"><\/div>","protected":false},"excerpt":{"rendered":"","protected":false},"author":9009999101003,"featured_media":0,"parent":1997,"menu_order":0,"comment_status":"closed","ping_status":"closed","template":"page-fullwidth.php","meta":{"footnotes":""},"class_list":["post-2016","page","type-page","status-publish","hentry"],"_links":{"self":[{"href":"https:\/\/www.ibermetais.pt\/es\/wp-json\/wp\/v2\/pages\/2016","targetHints":{"allow":["GET"]}}],"collection":[{"href":"https:\/\/www.ibermetais.pt\/es\/wp-json\/wp\/v2\/pages"}],"about":[{"href":"https:\/\/www.ibermetais.pt\/es\/wp-json\/wp\/v2\/types\/page"}],"author":[{"embeddable":true,"href":"https:\/\/www.ibermetais.pt\/es\/wp-json\/wp\/v2\/users\/9009999101003"}],"replies":[{"embeddable":true,"href":"https:\/\/www.ibermetais.pt\/es\/wp-json\/wp\/v2\/comments?post=2016"}],"version-history":[{"count":37,"href":"https:\/\/www.ibermetais.pt\/es\/wp-json\/wp\/v2\/pages\/2016\/revisions"}],"predecessor-version":[{"id":14859,"href":"https:\/\/www.ibermetais.pt\/es\/wp-json\/wp\/v2\/pages\/2016\/revisions\/14859"}],"up":[{"embeddable":true,"href":"https:\/\/www.ibermetais.pt\/es\/wp-json\/wp\/v2\/pages\/1997"}],"wp:attachment":[{"href":"https:\/\/www.ibermetais.pt\/es\/wp-json\/wp\/v2\/media?parent=2016"}],"curies":[{"name":"wp","href":"https:\/\/api.w.org\/{rel}","templated":true}]}}