{"id":2034,"date":"2015-08-12T13:08:44","date_gmt":"2015-08-12T12:08:44","guid":{"rendered":"http:\/\/www.ibermetais.pt\/?page_id=2034"},"modified":"2019-10-05T17:33:04","modified_gmt":"2019-10-05T16:33:04","slug":"controlo-da-qualidade","status":"publish","type":"page","link":"https:\/\/www.ibermetais.pt\/es\/qualidade\/controlo-da-qualidade\/","title":{"rendered":"Control de Calidad"},"content":{"rendered":"<div class=\"row \">\n<div class=\"span12 \"><img loading=\"lazy\" decoding=\"async\" src=\"http:\/\/www.ibermetais.pt\/wp-content\/uploads\/2016\/03\/img-lab-1.png\" alt=\"Lab_Qualidade1\" width=\"400\" height=\"299\" class=\"alignright size-full wp-image-3616\" \/><\/p>\n<p style=\"text-align: justify;\"><strong>Ibermetais - Industria de Trefilado S.A<\/strong>, certificada acorde a  la norma ISO 9001:2015, tiene a su disposici\u00f3n una de las redes m\u00e1s completas de laboratorios internos dedicados a cada segmento de productos.\n<\/p>\n<p style=\"text-align: justify;\">Implementados los procedimientos que han permitido la certificaci\u00f3n, es crucial preservar el nivel de calidad, buscando siempre el mejoramiento continuo. Podemos constatar que nuestro objetivo y la raz\u00f3n de existir de esta planta, es la satisfacci\u00f3n de los involucrados que la rodean: Clientes, Proveedores, Trabajadores, etc. El cumplimiento de los requisitos se conseguir\u00e1 mediante el seguimiento, que proporciona las revisiones necesarias del sistema de calidad en el prop\u00f3sito de consagrar los intereses de todas las partes concernientes.\n<\/p>\n<p style=\"text-align: justify;\">Ibermetais, SA es extremadamente exigente en el control de calidad. El control, en las principales etapas del proceso de producci\u00f3n,  se centra principalmente en:\n<\/p>\n<ul>\n<li style=\"text-align: justify;\"><strong>Control de las materias primas:<\/strong> Toda la materia prima se somete al <strong>control de recepci\u00f3n<\/strong>, garantiz\u00e1ndose el cumplimiento de sus especificaciones. A parte de requerirse obligatoriamente los certificados de calidad, el control permite detectar cualquier desviaci\u00f3n o insuficiencia manifestada. Quando esto sucede se procede a la suspensi\u00f3n inmediata de su uso y devoluci\u00f3n al proveedor;<\/li>\n<li style=\"text-align: justify;\"><strong>Fibras met\u00e1licas:<\/strong> Ejercemos un control estricto sobre la forma dimensionada de la fibra y la resistencia de los alambres utilizados en su fabricaci\u00f3n;<\/li>\n<li style=\"text-align: justify;\"><strong>Recudimiento:<\/strong> En el tratamiento de recocido t\u00e9rmico, basado en ciclos t\u00e9rmicos espec\u00edficos, soberanamente controlado en todas sus etapas, es posible dar al alambre propiedades mec\u00e1nicas de ductilidad y resistencia, con alto \u00edndice de fiabilidad;<\/li>\n<li style=\"text-align: justify;\"><strong>Trefilado:<\/strong> En el proceso de trefilado, donde por reducci\u00f3n \u00fanica o sucesiva de la secci\u00f3n transversal del alambr\u00f3n (materia prima) se puede obtener alambre de diferentes di\u00e1metros, con tolerancias, caracter\u00edsticas mec\u00e1nicas y acabamientos de superficie espec\u00edficos.<br \/>\nEn toda esta operaci\u00f3n hay tambi\u00e9n un control absoluto de los lubricantes utilizados, el buen estado y geometr\u00eda de las matrices, detecci\u00f3n de irregularidades superficiales,  eliminaci\u00f3n de las soldaduras, plegado y embalaje.<\/li>\n<\/ul>\n<p><\/p>\n<p style=\"text-align: justify;\">El equipo t\u00e9cnico de Ibermetais, compuesto por t\u00e9cnicos cualificados y especializados, garantizan el control de todas las l\u00edneas de producci\u00f3n y almacenamiento, con una total trazabilidad del producto.<br \/>\nLas pol\u00edticas y la gesti\u00f3n de calidad san factores primordiales, aseguradas por un departamento dedicado y cualificado.\n<\/p><\/div>\n<\/div><!-- .row (end) -->\n<div class=\"content-page\"><\/div>","protected":false},"excerpt":{"rendered":"","protected":false},"author":9009999101003,"featured_media":0,"parent":2032,"menu_order":0,"comment_status":"closed","ping_status":"closed","template":"page-fullwidth.php","meta":{"footnotes":""},"class_list":["post-2034","page","type-page","status-publish","hentry"],"_links":{"self":[{"href":"https:\/\/www.ibermetais.pt\/es\/wp-json\/wp\/v2\/pages\/2034","targetHints":{"allow":["GET"]}}],"collection":[{"href":"https:\/\/www.ibermetais.pt\/es\/wp-json\/wp\/v2\/pages"}],"about":[{"href":"https:\/\/www.ibermetais.pt\/es\/wp-json\/wp\/v2\/types\/page"}],"author":[{"embeddable":true,"href":"https:\/\/www.ibermetais.pt\/es\/wp-json\/wp\/v2\/users\/9009999101003"}],"replies":[{"embeddable":true,"href":"https:\/\/www.ibermetais.pt\/es\/wp-json\/wp\/v2\/comments?post=2034"}],"version-history":[{"count":43,"href":"https:\/\/www.ibermetais.pt\/es\/wp-json\/wp\/v2\/pages\/2034\/revisions"}],"predecessor-version":[{"id":22458,"href":"https:\/\/www.ibermetais.pt\/es\/wp-json\/wp\/v2\/pages\/2034\/revisions\/22458"}],"up":[{"embeddable":true,"href":"https:\/\/www.ibermetais.pt\/es\/wp-json\/wp\/v2\/pages\/2032"}],"wp:attachment":[{"href":"https:\/\/www.ibermetais.pt\/es\/wp-json\/wp\/v2\/media?parent=2034"}],"curies":[{"name":"wp","href":"https:\/\/api.w.org\/{rel}","templated":true}]}}