{"id":2036,"date":"2015-08-12T13:09:08","date_gmt":"2015-08-12T12:09:08","guid":{"rendered":"http:\/\/www.ibermetais.pt\/?page_id=2036"},"modified":"2017-04-18T17:14:04","modified_gmt":"2017-04-18T16:14:04","slug":"ambiente","status":"publish","type":"page","link":"https:\/\/www.ibermetais.pt\/es\/qualidade\/ambiente\/","title":{"rendered":"Medio Ambiente"},"content":{"rendered":"<p><div class=\"row \">\n<div class=\"span12 \"><img loading=\"lazy\" decoding=\"async\" width=\"250\" height=\"321\" class=\"alignright size-medium wp-image-2051\"  style=\"height: 180px; width: 250px;\" src=\"http:\/\/www.ibermetais.pt\/wp-content\/uploads\/2015\/08\/Ambiente_250.jpg\" alt=\"Ambiente_250\" srcset=\"https:\/\/www.ibermetais.pt\/wp-content\/uploads\/2015\/08\/Ambiente_250.jpg 250w, https:\/\/www.ibermetais.pt\/wp-content\/uploads\/2015\/08\/Ambiente_250-234x300.jpg 234w\" sizes=\"auto, (max-width: 250px) 100vw, 250px\" \/><\/p>\n<p style=\"text-align: justify;\">Junto con su desarrollo y la innovaci\u00f3n tecnol\u00f3gica constante, IBERMETAIS, S.A. sigue incorporando tecnolog\u00edas respetuosas con el medio ambiente en su Unidad Industrial, las cuales que permiten una combusti\u00f3n limpia (uso de gas natural en vez del di\u00e9sel y nafta tradicionales), re-utilizaci\u00f3n de las aguas industriales, captaci\u00f3n y eliminaci\u00f3n de las part\u00edculas y gases de aire contaminado y tantos otros detalles que contribuyen a un ambiente sano.<\/p>\n<p style=\"text-align: justify;\">Adem\u00e1s IBERMETAIS, S.A. sigue realizando un esfuerzo constante para monitorear y controlar su impacto ambiental, mediante la contrataci\u00f3n de entidades independientes para la recogida y an\u00e1lisis peri\u00f3dico de sus emisiones contaminantes (agua, aire, residuos, ruido), la preparaci\u00f3n de estudios ambientales, as\u00ed como la cuidadosa selecci\u00f3n del destino final, medioambientalmente correcto, para todos los residuos que produce.<\/p><\/div>\n<\/div><!-- .row (end) -->\n<div class=\"content-page\"><\/div>\n<p><\/p>","protected":false},"excerpt":{"rendered":"","protected":false},"author":9009999101003,"featured_media":0,"parent":2032,"menu_order":0,"comment_status":"closed","ping_status":"closed","template":"page-fullwidth.php","meta":{"footnotes":""},"class_list":["post-2036","page","type-page","status-publish","hentry"],"_links":{"self":[{"href":"https:\/\/www.ibermetais.pt\/es\/wp-json\/wp\/v2\/pages\/2036","targetHints":{"allow":["GET"]}}],"collection":[{"href":"https:\/\/www.ibermetais.pt\/es\/wp-json\/wp\/v2\/pages"}],"about":[{"href":"https:\/\/www.ibermetais.pt\/es\/wp-json\/wp\/v2\/types\/page"}],"author":[{"embeddable":true,"href":"https:\/\/www.ibermetais.pt\/es\/wp-json\/wp\/v2\/users\/9009999101003"}],"replies":[{"embeddable":true,"href":"https:\/\/www.ibermetais.pt\/es\/wp-json\/wp\/v2\/comments?post=2036"}],"version-history":[{"count":39,"href":"https:\/\/www.ibermetais.pt\/es\/wp-json\/wp\/v2\/pages\/2036\/revisions"}],"predecessor-version":[{"id":5355,"href":"https:\/\/www.ibermetais.pt\/es\/wp-json\/wp\/v2\/pages\/2036\/revisions\/5355"}],"up":[{"embeddable":true,"href":"https:\/\/www.ibermetais.pt\/es\/wp-json\/wp\/v2\/pages\/2032"}],"wp:attachment":[{"href":"https:\/\/www.ibermetais.pt\/es\/wp-json\/wp\/v2\/media?parent=2036"}],"curies":[{"name":"wp","href":"https:\/\/api.w.org\/{rel}","templated":true}]}}