{"id":2218,"date":"2015-08-13T16:34:11","date_gmt":"2015-08-13T15:34:11","guid":{"rendered":"http:\/\/www.ibermetais.pt\/?page_id=2218"},"modified":"2024-03-26T11:54:33","modified_gmt":"2024-03-26T11:54:33","slug":"produtos","status":"publish","type":"page","link":"https:\/\/www.ibermetais.pt\/es\/produtos\/","title":{"rendered":"Productos"},"content":{"rendered":"<div class=\"row \">\n<div class=\"span3 \"><div class=\"banner-wrap \"><figure class=\"featured-thumbnail\"><a href=\"http:\/\/www.ibermetais.pt\/es\/produtos\/fibras\/\" title=\"Fibras\" class=\"darkbox\"><img decoding=\"async\" src=\"https:\/\/www.ibermetais.pt\/wp-content\/uploads\/2016\/01\/img-produto-fibras.png\" title=\"Fibras\" alt=\"\" \/>\n<span class=\"zoom-icon\"><\/span>\n<\/a><\/figure><h5>Fibras<\/h5><p>Elementos deformados provenientes de alambre de acero de bajo contenido de carbono, estirado en fr\u00edo. Tienen la capacidad de hacer el enlace del concreto asociado a los materiales tradicionales.<\/p><\/div><!-- .banner-wrap (end) --><\/div>\n<div class=\"span3 \"><div class=\"banner-wrap \"><figure class=\"featured-thumbnail\"><a href=\"http:\/\/www.ibermetais.pt\/es\/produtos\/arame-recozido\/\" title=\"Alambre Recocido\" class=\"darkbox\"><img decoding=\"async\" src=\"https:\/\/www.ibermetais.pt\/wp-content\/uploads\/2016\/01\/img-produto-arame-recozido.png\" title=\"Alambre Recocido\" alt=\"\" \/>\n<span class=\"zoom-icon\"><\/span>\n<\/a><\/figure><h5>Alambre Recocido<\/h5><p>Obtenido por medio de tratamiento t\u00e9rmico, el alambre se corta y se moldea m\u00e1s f\u00e1cilmente. Para uso dom\u00e9stico, la construcci\u00f3n y agricultura.<\/p><\/div><!-- .banner-wrap (end) --><\/div>\n<div class=\"span3 \"><div class=\"banner-wrap \"><figure class=\"featured-thumbnail\"><a href=\"http:\/\/www.ibermetais.pt\/es\/produtos\/arame-cru\/\" title=\"Alambre de Acero Brillante\" class=\"darkbox\"><img decoding=\"async\" src=\"https:\/\/www.ibermetais.pt\/wp-content\/uploads\/2016\/01\/img-produto-arame-cru.png\" title=\"Alambre de Acero Brillante\" alt=\"\" \/>\n<span class=\"zoom-icon\"><\/span>\n<\/a><\/figure><h5>Alambre de Acero Brillante<\/h5><p>Alambre completamente limpio, libre de impurezas, lo que permite soldadura robotizada. Materiales de f\u00e1cil maquinaci\u00f3n y acabado cromado.<\/p><\/div><!-- .banner-wrap (end) --><\/div>\n<div class=\"span3 \"><div class=\"banner-wrap \"><figure class=\"featured-thumbnail\"><a href=\"http:\/\/www.ibermetais.pt\/es\/produtos\/prego\/\" title=\"Puntas\" class=\"darkbox\"><img decoding=\"async\" src=\"https:\/\/www.ibermetais.pt\/wp-content\/uploads\/2016\/01\/img-produto-prego.png\" title=\"Puntas\" alt=\"\" \/>\n<span class=\"zoom-icon\"><\/span>\n<\/a><\/figure><h5>Puntas<\/h5><p>Elemento de conexi\u00f3n constituido por un cuerpo de metal con un extremo afilado, que se utiliza para la uni\u00f3n o fijaci\u00f3n de partes de un objeto, preferiblemente en madera.<\/p><\/div><!-- .banner-wrap (end) --><\/div>\n<\/div><!-- .row (end) -->","protected":false},"excerpt":{"rendered":"","protected":false},"author":9009999101003,"featured_media":0,"parent":0,"menu_order":0,"comment_status":"closed","ping_status":"closed","template":"page-fullwidth.php","meta":{"footnotes":""},"class_list":["post-2218","page","type-page","status-publish","hentry"],"_links":{"self":[{"href":"https:\/\/www.ibermetais.pt\/es\/wp-json\/wp\/v2\/pages\/2218","targetHints":{"allow":["GET"]}}],"collection":[{"href":"https:\/\/www.ibermetais.pt\/es\/wp-json\/wp\/v2\/pages"}],"about":[{"href":"https:\/\/www.ibermetais.pt\/es\/wp-json\/wp\/v2\/types\/page"}],"author":[{"embeddable":true,"href":"https:\/\/www.ibermetais.pt\/es\/wp-json\/wp\/v2\/users\/9009999101003"}],"replies":[{"embeddable":true,"href":"https:\/\/www.ibermetais.pt\/es\/wp-json\/wp\/v2\/comments?post=2218"}],"version-history":[{"count":179,"href":"https:\/\/www.ibermetais.pt\/es\/wp-json\/wp\/v2\/pages\/2218\/revisions"}],"predecessor-version":[{"id":43858,"href":"https:\/\/www.ibermetais.pt\/es\/wp-json\/wp\/v2\/pages\/2218\/revisions\/43858"}],"wp:attachment":[{"href":"https:\/\/www.ibermetais.pt\/es\/wp-json\/wp\/v2\/media?parent=2218"}],"curies":[{"name":"wp","href":"https:\/\/api.w.org\/{rel}","templated":true}]}}