{"id":2012,"date":"2015-08-12T11:39:34","date_gmt":"2015-08-12T10:39:34","guid":{"rendered":"http:\/\/www.ibermetais.pt\/?page_id=2012"},"modified":"2018-10-24T17:21:10","modified_gmt":"2018-10-24T16:21:10","slug":"missao-e-valores","status":"publish","type":"page","link":"https:\/\/www.ibermetais.pt\/fr\/empresa\/missao-e-valores\/","title":{"rendered":"Mission et Valeurs"},"content":{"rendered":"<div class=\"row \">\n<div class=\"span12 \"><p style=\"text-align: justify;\">Ibermetais, Ind\u00fastria de Trefilagem S.A. a d\u00e9but\u00e9 son activit\u00e9 industrielle en 1971. Pendant ces ann\u00e9es, sa progressive valorisation lui a permis d'int\u00e9grer dans son activit\u00e9 plusieurs produits, \u00e0 savoir:<\/p>\n<ul>\n<li style=\"text-align: justify;\">Fil Clair en bobine, rouleau ou barre;<\/li>\n<li style=\"text-align: justify;\">Fil de Fer recuit en bobine, rouleau ou barre;<\/li>\n<li style=\"text-align: justify;\">Fibres m\u00e9talliques en basse teneur de carbone.<\/li>\n<\/ul>\n<p><\/p>\n<p style=\"text-align: justify;\">Ibermetais, Ind\u00fastria de Trefilagem S.A. est une soci\u00e9t\u00e9 int\u00e9gr\u00e9e dans un groupe de tradition industrielle, avec une philosophie de croissance et de modernisation, avec des objectifs bien d\u00e9finis et o\u00f9 l'innovation technique et commerciale sont d\u00e9terminantes pour son d\u00e9veloppement.<\/p><\/div>\n<\/div><!-- .row (end) -->\n<div class=\"content-page\"><\/div>","protected":false},"excerpt":{"rendered":"","protected":false},"author":9009999101003,"featured_media":0,"parent":1997,"menu_order":0,"comment_status":"closed","ping_status":"closed","template":"page-fullwidth.php","meta":{"footnotes":""},"class_list":["post-2012","page","type-page","status-publish","hentry"],"_links":{"self":[{"href":"https:\/\/www.ibermetais.pt\/fr\/wp-json\/wp\/v2\/pages\/2012","targetHints":{"allow":["GET"]}}],"collection":[{"href":"https:\/\/www.ibermetais.pt\/fr\/wp-json\/wp\/v2\/pages"}],"about":[{"href":"https:\/\/www.ibermetais.pt\/fr\/wp-json\/wp\/v2\/types\/page"}],"author":[{"embeddable":true,"href":"https:\/\/www.ibermetais.pt\/fr\/wp-json\/wp\/v2\/users\/9009999101003"}],"replies":[{"embeddable":true,"href":"https:\/\/www.ibermetais.pt\/fr\/wp-json\/wp\/v2\/comments?post=2012"}],"version-history":[{"count":16,"href":"https:\/\/www.ibermetais.pt\/fr\/wp-json\/wp\/v2\/pages\/2012\/revisions"}],"predecessor-version":[{"id":14864,"href":"https:\/\/www.ibermetais.pt\/fr\/wp-json\/wp\/v2\/pages\/2012\/revisions\/14864"}],"up":[{"embeddable":true,"href":"https:\/\/www.ibermetais.pt\/fr\/wp-json\/wp\/v2\/pages\/1997"}],"wp:attachment":[{"href":"https:\/\/www.ibermetais.pt\/fr\/wp-json\/wp\/v2\/media?parent=2012"}],"curies":[{"name":"wp","href":"https:\/\/api.w.org\/{rel}","templated":true}]}}