{"id":203,"date":"2015-08-12T09:45:02","date_gmt":"2015-08-12T09:45:02","guid":{"rendered":"http:\/\/192.168.9.29\/Development\/TB\/?page_id=203"},"modified":"2025-03-06T15:02:50","modified_gmt":"2025-03-06T15:02:50","slug":"home","status":"publish","type":"page","link":"https:\/\/www.ibermetais.pt\/fr\/","title":{"rendered":"Home"},"content":{"rendered":"<div class=\"service-grid\">\n<div class=\"row \">\n<div class=\"span12 \"><blockquote><p>\n<!--div id=\"logo-feira\" style=\"text-align: center; margin-top: -30px; margin-bottom: 45px;\"><img loading=\"lazy\" decoding=\"async\" title=\"\" alt=\"\" src=\"\/wp-content\/uploads\/2020\/01\/img-wire_2020.jpg\" width=\"650\" height=\"69\"><\/div-->\n<p style=\"text-align: center;\">Travailler plus intelligemment avec notre soci\u00e9t\u00e9 industrielle!<br \/>\nNous fournissons des solutions industrielles innovantes et rentables<\/p>\n<\/blockquote>\n<div class=\"row-fluid \">\n<figure class=\"frame thumbnail alignnone clearfix\">\n<div class=\"span2\"><div class=\"service-box \"><figure class=\"icon\"><a href=\"http:\/\/www.ibermetais.pt\/fr\/produtos\/\"><img decoding=\"async\" src=\"https:\/\/www.ibermetais.pt\/wp-content\/themes\/theme44938\/images\/icon-produto.png\" alt=\"\" \/><\/a><\/figure><div class=\"service-box_body\"><h2 class=\"title\">Produits<\/h2><div class=\"service-box_txt\">Niveau de comp\u00e9titivit\u00e9 \u00e9lev\u00e9.<\/div><\/div><\/div><!-- \/Service Box --><\/div>\n<div class=\"span2\"><div class=\"service-box \"><figure class=\"icon\"><a href=\"http:\/\/www.ibermetais.pt\/fr\/carreiras\/\"><img decoding=\"async\" src=\"https:\/\/www.ibermetais.pt\/wp-content\/themes\/theme44938\/images\/icon-carreiras.png\" alt=\"\" \/><\/a><\/figure><div class=\"service-box_body\"><h2 class=\"title\">Parcours Professionnel<\/h2><div class=\"service-box_txt\">Nous nous pr\u00e9ocupons avec le futur. Rejoins notre \u00e9quipe!<\/div><\/div><\/div><!-- \/Service Box --><\/div>\n<div class=\"span2\"><div class=\"service-box \"><figure class=\"icon\"><a href=\"http:\/\/www.ibermetais.pt\/fr\/exportacao\/\"><img decoding=\"async\" src=\"https:\/\/www.ibermetais.pt\/wp-content\/themes\/theme44938\/images\/icon-exportacao.png\" alt=\"\" \/><\/a><\/figure><div class=\"service-box_body\"><h2 class=\"title\">Exportation<\/h2><div class=\"service-box_txt\">Quel que soit l'endroit o\u00f9 vous \u00eates, nous sommes pr\u00e8s de vous, \u00e0 vos c\u00f4t\u00e9s.<\/div><\/div><\/div><!-- \/Service Box --><\/div>\n<div class=\"span2\"><div class=\"service-box \"><figure class=\"icon\"><a href=\"http:\/\/www.ibermetais.pt\/fr\/seguranca\/\"><img decoding=\"async\" src=\"https:\/\/www.ibermetais.pt\/wp-content\/themes\/theme44938\/images\/icon-seguranca.png\" alt=\"\" \/><\/a><\/figure><div class=\"service-box_body\"><h2 class=\"title\">S\u00e9curit\u00e9<\/h2><div class=\"service-box_txt\">Normes, r\u00e8gles de fonctionnement et utilisation ad\u00e9quates \u00e0 la bonne performance des fonctions du mat\u00e9riel.<\/div><\/div><\/div><!-- \/Service Box --><\/div>\n<div class=\"span2\"><div class=\"service-box \"><figure class=\"icon\"><a href=\"http:\/\/www.ibermetais.pt\/fr\/qualidade\/ambiente\/\"><img decoding=\"async\" src=\"https:\/\/www.ibermetais.pt\/wp-content\/themes\/theme44938\/images\/icon-ambiente.png\" alt=\"\" \/><\/a><\/figure><div class=\"service-box_body\"><h2 class=\"title\">Environnement<\/h2><div class=\"service-box_txt\">Valeurs et pr\u00e9occupations pensant toujours \u00e0 l'avenir.<\/div><\/div><\/div><!-- \/Service Box --><\/div>\n<div class=\"span2\"><div class=\"service-box \"><figure class=\"icon\"><a href=\"http:\/\/www.ibermetais.pt\/fr\/\"><img decoding=\"async\" src=\"https:\/\/www.ibermetais.pt\/wp-content\/themes\/theme44938\/images\/icon-qualidade.png\" alt=\"\" \/><\/a><\/figure><div class=\"service-box_body\"><h2 class=\"title\">Qualit\u00e9<\/h2><div class=\"service-box_txt\">Produits de qualit\u00e9 comme vecteur de comp\u00e9titivit\u00e9 et de croissance.<\/div><\/div><\/div><!-- \/Service Box --><\/div>\n<\/figure>\n<\/div> <!-- .row-fluid (end) --><\/div>\n<\/div><!-- .row (end) -->\n<\/div>\n<div class=\"row \">\n<div class=\"span12 \"><h2>Produits<\/h2>\n<div class=\"carousel-wrap font-size-letter-tittle\"><div id=\"owl-carousel-69f469a7728a2\" class=\"owl-carousel-portfolio owl-carousel\" data-items=\"5\" data-auto-play=\"5000\" data-nav=\"true\" data-pagination=\"false\"><div class=\"item format-standart item-list-0\"><figure><a href=\"https:\/\/www.ibermetais.pt\/fr\/produtos\/fibras\/\" title=\"Fibres\" class=\"darkbox\" ><img decoding=\"async\" src=\"https:\/\/www.ibermetais.pt\/wp-content\/uploads\/2016\/01\/img-produto-fibras-270x201.png\" alt=\"Fibres\" \/> <\/a><\/figure><div class=\"desc\"><h5><a href=\"https:\/\/www.ibermetais.pt\/fr\/produtos\/fibras\/\" title=\"Fibres\">Fibres<\/a><\/h5><\/div><\/div><div class=\"item format-standart item-list-1\"><figure><a href=\"https:\/\/www.ibermetais.pt\/fr\/portfolio-view\/arame-recozido-em-rolo\/\" title=\"Fil Recuit en Rouleau\" class=\"darkbox\" ><img decoding=\"async\" src=\"https:\/\/www.ibermetais.pt\/wp-content\/uploads\/2015\/08\/prd-arame-recozido-rolo-21-270x201.png\" alt=\"Fil Recuit en Rouleau\" \/> <\/a><\/figure><div class=\"desc\"><h5><a href=\"https:\/\/www.ibermetais.pt\/fr\/portfolio-view\/arame-recozido-em-rolo\/\" title=\"Fil Recuit en Rouleau\">Fil Recuit en Rouleau<\/a><\/h5><\/div><\/div><div class=\"item format-standart item-list-2\"><figure><a href=\"https:\/\/www.ibermetais.pt\/fr\/portfolio-view\/arame-recozido-em-rolo-pequeno\/\" title=\"Fil Recuit en Petit Rouleau\" class=\"darkbox\" ><img decoding=\"async\" src=\"https:\/\/www.ibermetais.pt\/wp-content\/uploads\/2015\/08\/prd-arame-recozido-rolo-peq-1-270x201.png\" alt=\"Fil Recuit en Petit Rouleau\" \/> <\/a><\/figure><div class=\"desc\"><h5><a href=\"https:\/\/www.ibermetais.pt\/fr\/portfolio-view\/arame-recozido-em-rolo-pequeno\/\" title=\"Fil Recuit en Petit Rouleau\">Fil Recuit en Petit Rouleau<\/a><\/h5><\/div><\/div><div class=\"item format-standart item-list-3\"><figure><a href=\"https:\/\/www.ibermetais.pt\/fr\/portfolio-view\/arame-recozido-em-bobine\/\" title=\"Fil Recuit en Bobine\" class=\"darkbox\" ><img decoding=\"async\" src=\"https:\/\/www.ibermetais.pt\/wp-content\/uploads\/2015\/08\/prd-arame-recozido-bobine-15-270x201.png\" alt=\"Fil Recuit en Bobine\" \/> <\/a><\/figure><div class=\"desc\"><h5><a href=\"https:\/\/www.ibermetais.pt\/fr\/portfolio-view\/arame-recozido-em-bobine\/\" title=\"Fil Recuit en Bobine\">Fil Recuit en Bobine<\/a><\/h5><\/div><\/div><div class=\"item format-standart item-list-4\"><figure><a href=\"https:\/\/www.ibermetais.pt\/fr\/portfolio-view\/arame-recozido-em-bobine-pequena\/\" title=\"Fil Recuit en Petit Bobine\" class=\"darkbox\" ><img decoding=\"async\" src=\"https:\/\/www.ibermetais.pt\/wp-content\/uploads\/2015\/08\/prd-arame-recozido-bobine-peq-3-270x201.png\" alt=\"Fil Recuit en Petit Bobine\" \/> <\/a><\/figure><div class=\"desc\"><h5><a href=\"https:\/\/www.ibermetais.pt\/fr\/portfolio-view\/arame-recozido-em-bobine-pequena\/\" title=\"Fil Recuit en Petit Bobine\">Fil Recuit en Petit Bobine<\/a><\/h5><\/div><\/div><div class=\"item format-standart item-list-5\"><figure><a href=\"https:\/\/www.ibermetais.pt\/fr\/portfolio-view\/arame-recozido-em-vareta\/\" title=\"Fil Recuit en Barres\" class=\"darkbox\" ><img decoding=\"async\" src=\"https:\/\/www.ibermetais.pt\/wp-content\/uploads\/2015\/08\/prd-arame-recozido-vareta-11-270x201.png\" alt=\"Fil Recuit en Barres\" \/> <\/a><\/figure><div class=\"desc\"><h5><a href=\"https:\/\/www.ibermetais.pt\/fr\/portfolio-view\/arame-recozido-em-vareta\/\" title=\"Fil Recuit en Barres\">Fil Recuit en Barres<\/a><\/h5><\/div><\/div><div class=\"item format-standart item-list-6\"><figure><a href=\"https:\/\/www.ibermetais.pt\/fr\/portfolio-view\/blackmax-arame-recozido-extra-para-enfardamento\/\" title=\"Blackmax \u00ae &#8211; Premium fil recuit\" class=\"darkbox\" ><img decoding=\"async\" src=\"https:\/\/www.ibermetais.pt\/wp-content\/uploads\/2015\/08\/prd-arame-recozido-blackmax-11-270x201.png\" alt=\"Blackmax \u00ae &#8211; Premium fil recuit\" \/> <\/a><\/figure><div class=\"desc\"><h5><a href=\"https:\/\/www.ibermetais.pt\/fr\/portfolio-view\/blackmax-arame-recozido-extra-para-enfardamento\/\" title=\"Blackmax \u00ae &#8211; Premium fil recuit\">Blackmax \u00ae &#8211; Premium fil recuit<\/a><\/h5><\/div><\/div><div class=\"item format-standart item-list-7\"><figure><a href=\"https:\/\/www.ibermetais.pt\/fr\/portfolio-view\/arame-cru-em-bobine\/\" title=\"Fil Clair en Bobine\" class=\"darkbox\" ><img decoding=\"async\" src=\"https:\/\/www.ibermetais.pt\/wp-content\/uploads\/2015\/08\/prd-arame-cru-bobine-1-270x201.png\" alt=\"Fil Clair en Bobine\" \/> <\/a><\/figure><div class=\"desc\"><h5><a href=\"https:\/\/www.ibermetais.pt\/fr\/portfolio-view\/arame-cru-em-bobine\/\" title=\"Fil Clair en Bobine\">Fil Clair en Bobine<\/a><\/h5><\/div><\/div><div class=\"item format-standart item-list-8\"><figure><a href=\"https:\/\/www.ibermetais.pt\/fr\/portfolio-view\/arame-cru-em-rolo\/\" title=\"Fil Clair en Rouleau\" class=\"darkbox\" ><img decoding=\"async\" src=\"https:\/\/www.ibermetais.pt\/wp-content\/uploads\/2015\/08\/prd-arame-cru-rolo-21-270x201.png\" alt=\"Fil Clair en Rouleau\" \/> <\/a><\/figure><div class=\"desc\"><h5><a href=\"https:\/\/www.ibermetais.pt\/fr\/portfolio-view\/arame-cru-em-rolo\/\" title=\"Fil Clair en Rouleau\">Fil Clair en Rouleau<\/a><\/h5><\/div><\/div><div class=\"item format-standart item-list-9\"><figure><a href=\"https:\/\/www.ibermetais.pt\/fr\/portfolio-view\/arame-cru-em-rolo-pequeno\/\" title=\"Fil Clair en Petit Rouleau\" class=\"darkbox\" ><img decoding=\"async\" src=\"https:\/\/www.ibermetais.pt\/wp-content\/uploads\/2015\/08\/prd-arame-cru-rolo-peq-1-270x201.png\" alt=\"Fil Clair en Petit Rouleau\" \/> <\/a><\/figure><div class=\"desc\"><h5><a href=\"https:\/\/www.ibermetais.pt\/fr\/portfolio-view\/arame-cru-em-rolo-pequeno\/\" title=\"Fil Clair en Petit Rouleau\">Fil Clair en Petit Rouleau<\/a><\/h5><\/div><\/div><div class=\"item format-standart item-list-10\"><figure><a href=\"https:\/\/www.ibermetais.pt\/fr\/portfolio-view\/arame-cru-em-bobine-pequena\/\" title=\"Fil Clair en Petit Bobine\" class=\"darkbox\" ><img decoding=\"async\" src=\"https:\/\/www.ibermetais.pt\/wp-content\/uploads\/2015\/08\/prd-arame-cru-bobine-peq-1-270x201.png\" alt=\"Fil Clair en Petit Bobine\" \/> <\/a><\/figure><div class=\"desc\"><h5><a href=\"https:\/\/www.ibermetais.pt\/fr\/portfolio-view\/arame-cru-em-bobine-pequena\/\" title=\"Fil Clair en Petit Bobine\">Fil Clair en Petit Bobine<\/a><\/h5><\/div><\/div><div class=\"item format-standart item-list-11\"><figure><a href=\"https:\/\/www.ibermetais.pt\/fr\/portfolio-view\/arame-cru-em-vareta\/\" title=\"Fil Clair en Barres\" class=\"darkbox\" ><img decoding=\"async\" src=\"https:\/\/www.ibermetais.pt\/wp-content\/uploads\/2015\/08\/prd-arame-cru-vareta-11-270x201.png\" alt=\"Fil Clair en Barres\" \/> <\/a><\/figure><div class=\"desc\"><h5><a href=\"https:\/\/www.ibermetais.pt\/fr\/portfolio-view\/arame-cru-em-vareta\/\" title=\"Fil Clair en Barres\">Fil Clair en Barres<\/a><\/h5><\/div><\/div><div class=\"item format-standart item-list-12\"><figure><a href=\"https:\/\/www.ibermetais.pt\/fr\/portfolio-view\/prego-quadrado\/\" title=\"Pointes Carr\u00e9es\" class=\"darkbox\" ><img decoding=\"async\" src=\"https:\/\/www.ibermetais.pt\/wp-content\/uploads\/2015\/08\/prd-prego-quadrado-construcao-2-270x201.png\" alt=\"Pointes Carr\u00e9es\" \/> <\/a><\/figure><div class=\"desc\"><h5><a href=\"https:\/\/www.ibermetais.pt\/fr\/portfolio-view\/prego-quadrado\/\" title=\"Pointes Carr\u00e9es\">Pointes Carr\u00e9es<\/a><\/h5><\/div><\/div><div class=\"item format-standart item-list-13\"><figure><a href=\"https:\/\/www.ibermetais.pt\/fr\/portfolio-view\/prego-redondo\/\" title=\"Pointes TPO\" class=\"darkbox\" ><img decoding=\"async\" src=\"https:\/\/www.ibermetais.pt\/wp-content\/uploads\/2015\/08\/prd-prego-redondo-construcao-3-270x201.png\" alt=\"Pointes TPO\" \/> <\/a><\/figure><div class=\"desc\"><h5><a href=\"https:\/\/www.ibermetais.pt\/fr\/portfolio-view\/prego-redondo\/\" title=\"Pointes TPO\">Pointes TPO<\/a><\/h5><\/div><\/div><div class=\"item format-standart item-list-14\"><figure><a href=\"https:\/\/www.ibermetais.pt\/fr\/portfolio-view\/prego-anelado\/\" title=\"Pointes Annel\u00e9es\" class=\"darkbox\" ><img decoding=\"async\" src=\"https:\/\/www.ibermetais.pt\/wp-content\/uploads\/2015\/09\/prd-prego-anelado-2-270x201.png\" alt=\"Pointes Annel\u00e9es\" \/> <\/a><\/figure><div class=\"desc\"><h5><a href=\"https:\/\/www.ibermetais.pt\/fr\/portfolio-view\/prego-anelado\/\" title=\"Pointes Annel\u00e9es\">Pointes Annel\u00e9es<\/a><\/h5><\/div><\/div><div class=\"item format-standart item-list-15\"><figure><a href=\"https:\/\/www.ibermetais.pt\/fr\/portfolio-view\/prego-roscado\/\" title=\"Pointes Torsad\u00e9es\" class=\"darkbox\" ><img decoding=\"async\" src=\"https:\/\/www.ibermetais.pt\/wp-content\/uploads\/2015\/09\/prd-prego-roscado-1-270x201.png\" alt=\"Pointes Torsad\u00e9es\" \/> <\/a><\/figure><div class=\"desc\"><h5><a href=\"https:\/\/www.ibermetais.pt\/fr\/portfolio-view\/prego-roscado\/\" title=\"Pointes Torsad\u00e9es\">Pointes Torsad\u00e9es<\/a><\/h5><\/div><\/div><div class=\"item format-standart item-list-16\"><figure><a href=\"https:\/\/www.ibermetais.pt\/fr\/portfolio-view\/prego-ponta-biselada\/\" title=\"Pointes Biset\u00e9es\" class=\"darkbox\" ><img decoding=\"async\" src=\"https:\/\/www.ibermetais.pt\/wp-content\/uploads\/2015\/09\/prd-prego-ponta-biselada-1-270x201.png\" alt=\"Pointes Biset\u00e9es\" \/> <\/a><\/figure><div class=\"desc\"><h5><a href=\"https:\/\/www.ibermetais.pt\/fr\/portfolio-view\/prego-ponta-biselada\/\" title=\"Pointes Biset\u00e9es\">Pointes Biset\u00e9es<\/a><\/h5><\/div><\/div><div class=\"item format-standart item-list-17\"><figure><a href=\"https:\/\/www.ibermetais.pt\/fr\/portfolio-view\/prego-anelado-roscado-em-rolo-ppistola\/\" title=\"Pointes Annel\u00e9es \/ Torsad\u00e9es en Rouleaux (p\/pistolet)\" class=\"darkbox\" ><img decoding=\"async\" src=\"https:\/\/www.ibermetais.pt\/wp-content\/uploads\/2015\/09\/prd-prego-rolo-roscado-1-270x201.png\" alt=\"Pointes Annel\u00e9es \/ Torsad\u00e9es en Rouleaux (p\/pistolet)\" \/> <\/a><\/figure><div class=\"desc\"><h5><a href=\"https:\/\/www.ibermetais.pt\/fr\/portfolio-view\/prego-anelado-roscado-em-rolo-ppistola\/\" title=\"Pointes Annel\u00e9es \/ Torsad\u00e9es en Rouleaux (p\/pistolet)\">Pointes Annel\u00e9es \/ Torsad\u00e9es en Rouleaux (p\/pistolet)<\/a><\/h5><\/div><\/div><\/div><\/div><\/div>\n<\/div><!-- .row (end) -->","protected":false},"excerpt":{"rendered":"","protected":false},"author":9009999101003,"featured_media":0,"parent":0,"menu_order":0,"comment_status":"closed","ping_status":"closed","template":"page-home.php","meta":{"footnotes":""},"class_list":["post-203","page","type-page","status-publish","hentry"],"_links":{"self":[{"href":"https:\/\/www.ibermetais.pt\/fr\/wp-json\/wp\/v2\/pages\/203","targetHints":{"allow":["GET"]}}],"collection":[{"href":"https:\/\/www.ibermetais.pt\/fr\/wp-json\/wp\/v2\/pages"}],"about":[{"href":"https:\/\/www.ibermetais.pt\/fr\/wp-json\/wp\/v2\/types\/page"}],"author":[{"embeddable":true,"href":"https:\/\/www.ibermetais.pt\/fr\/wp-json\/wp\/v2\/users\/9009999101003"}],"replies":[{"embeddable":true,"href":"https:\/\/www.ibermetais.pt\/fr\/wp-json\/wp\/v2\/comments?post=203"}],"version-history":[{"count":158,"href":"https:\/\/www.ibermetais.pt\/fr\/wp-json\/wp\/v2\/pages\/203\/revisions"}],"predecessor-version":[{"id":49716,"href":"https:\/\/www.ibermetais.pt\/fr\/wp-json\/wp\/v2\/pages\/203\/revisions\/49716"}],"wp:attachment":[{"href":"https:\/\/www.ibermetais.pt\/fr\/wp-json\/wp\/v2\/media?parent=203"}],"curies":[{"name":"wp","href":"https:\/\/api.w.org\/{rel}","templated":true}]}}