{"id":2034,"date":"2015-08-12T13:08:44","date_gmt":"2015-08-12T12:08:44","guid":{"rendered":"http:\/\/www.ibermetais.pt\/?page_id=2034"},"modified":"2019-10-05T17:33:04","modified_gmt":"2019-10-05T16:33:04","slug":"controlo-da-qualidade","status":"publish","type":"page","link":"https:\/\/www.ibermetais.pt\/fr\/qualidade\/controlo-da-qualidade\/","title":{"rendered":"Contr\u00f4le de Qualit\u00e9"},"content":{"rendered":"<div class=\"row \">\n<div class=\"span12 \"><img loading=\"lazy\" decoding=\"async\" src=\"http:\/\/www.ibermetais.pt\/wp-content\/uploads\/2016\/03\/img-lab-1.png\" alt=\"Lab_Qualidade1\" width=\"400\" height=\"299\" class=\"alignright size-full wp-image-3616\" \/><\/p>\n<p style=\"text-align: justify;\"><strong>Ibermetais - Ind\u00fastria de Trefilagem, S.A.<\/strong>, \u00e9tant certifi\u00e9e selon la norme ISO 9001:2015, a \u00e0 sa disposition un des r\u00e9seaux les plus complets de laboratoires internes d\u00e9di\u00e9s \u00e0 chaque segment de produits.\n<\/p>\n<p style=\"text-align: justify;\">Mises en \u0153uvre les proc\u00e9dures menant \u00e0 la certification, il est imp\u00e9ratif la pr\u00e9servation ce niveau de qualit\u00e9, recherchant toujours \u00e0 faire des progr\u00e8s continus. Nous pouvons constater que nous avons \u00e9t\u00e9 \u00e0 l'encontre de l'objectif et de la raison de la satisfaction des op\u00e9rateurs autour de cette entreprise, \u00e0 savoir: Clients, Fournisseurs, Travailleurs, etc. La conformit\u00e9 des exigences sera ad\u00e9quat et sous surveillance, qui pr\u00e9voit les r\u00e9visions n\u00e9cessaires au syst\u00e8me de qualit\u00e9, dans le but de la cons\u00e9cration des int\u00e9r\u00eats de toutes les parties prenantes.\n<\/p>\n<p style=\"text-align: justify;\">Ibermetais, Ind\u00fastria de Trefilagem S.A. est extr\u00eamement exigeante sur le contr\u00f4le de qualit\u00e9. Le contr\u00f4le, sur les principales \u00e9tapes du proc\u00e8s de fabrication, se fait essentiellement sur:\n<\/p>\n<ul>\n<li style=\"text-align: justify;\"><strong>Contr\u00f4le des Mati\u00e8res Premi\u00e8res:<\/strong> Toute mati\u00e8re premi\u00e8re est soumise \u00e0 un contr\u00f4le de r\u00e9ception, assurant le bon respect des sp\u00e9cifications. Ind\u00e9pendamment de l'exigence des certificats de qualit\u00e9, ce contr\u00f4le permet de d\u00e9tecter tout d\u00e9tournement ou insuffisance prouv\u00e9e. Quand cela arrive, son utilisation est imm\u00e9diatement interrompu et son renvoi au fournisseur est de suite organis\u00e9;<\/li>\n<li style=\"text-align: justify;\"><strong>Fibres m\u00e9talliques:<\/strong> Nous exer\u00e7ons un contr\u00f4le rigoureux sur la forme dimensionn\u00e9e de la fibre et sur la r\u00e9sistance des fils utilis\u00e9s dans sa fabrication;<\/li>\n<li style=\"text-align: justify;\"><strong>Fil de Fer Recuit:<\/strong> Lors du traitement chimique du recuit, ayant comme bases des cycles thermiques sp\u00e9cifiques hautement contr\u00f4l\u00e9s dans toutes les \u00e9tapes, nous arrivons \u00e0 attribuer au fil de fer des propri\u00e9t\u00e9s m\u00e9caniques de ductilit\u00e9 et r\u00e9sistance, avec un indice \u00e9lev\u00e9 de fiabilit\u00e9;<\/li>\n<li style=\"text-align: justify;\"><strong>Tr\u00e9filage:<\/strong> Lors du processus de tr\u00e9filage, qui, par r\u00e9duction unique ou successive de la section transversale du fil de machine (mati\u00e8re premi\u00e8re), on obtient des fil de diff\u00e9rents diam\u00e8tres avec des tol\u00e9rances, des propri\u00e9t\u00e9s m\u00e9caniques et des finitions sp\u00e9cifiques, qui vont \u00e0 l'encontre des exigences des clients.<br \/>\nTout ce processus n\u00e9cessite d'un contr\u00f4le absolu sur les lubrifiants utilis\u00e9s, du bon \u00e9tat et de la g\u00e9om\u00e9trie des tuy\u00e8res, de la d\u00e9tection des irr\u00e9gularit\u00e9s superficielles, de l'\u00e9limination de soudures, du bobinage et du conditionnement.<\/li>\n<\/ul>\n<p><\/p>\n<p style=\"text-align: justify;\">L'\u00e9quipe technique de Ibermetais est compos\u00e9e de techniciens qualifi\u00e9s et sp\u00e9cialis\u00e9s, charg\u00e9s d'assurer le contr\u00f4le de toutes les lignes de production et de stockage, avec une tra\u00e7abilit\u00e9 totale du produit.<br \/>\nLes politiques et gestion de qualit\u00e9 sont des facteurs importants, garantis par un d\u00e9partement d\u00e9di\u00e9 et qualifi\u00e9.\n<\/p><\/div>\n<\/div><!-- .row (end) -->\n<div class=\"content-page\"><\/div>","protected":false},"excerpt":{"rendered":"","protected":false},"author":9009999101003,"featured_media":0,"parent":2032,"menu_order":0,"comment_status":"closed","ping_status":"closed","template":"page-fullwidth.php","meta":{"footnotes":""},"class_list":["post-2034","page","type-page","status-publish","hentry"],"_links":{"self":[{"href":"https:\/\/www.ibermetais.pt\/fr\/wp-json\/wp\/v2\/pages\/2034","targetHints":{"allow":["GET"]}}],"collection":[{"href":"https:\/\/www.ibermetais.pt\/fr\/wp-json\/wp\/v2\/pages"}],"about":[{"href":"https:\/\/www.ibermetais.pt\/fr\/wp-json\/wp\/v2\/types\/page"}],"author":[{"embeddable":true,"href":"https:\/\/www.ibermetais.pt\/fr\/wp-json\/wp\/v2\/users\/9009999101003"}],"replies":[{"embeddable":true,"href":"https:\/\/www.ibermetais.pt\/fr\/wp-json\/wp\/v2\/comments?post=2034"}],"version-history":[{"count":43,"href":"https:\/\/www.ibermetais.pt\/fr\/wp-json\/wp\/v2\/pages\/2034\/revisions"}],"predecessor-version":[{"id":22458,"href":"https:\/\/www.ibermetais.pt\/fr\/wp-json\/wp\/v2\/pages\/2034\/revisions\/22458"}],"up":[{"embeddable":true,"href":"https:\/\/www.ibermetais.pt\/fr\/wp-json\/wp\/v2\/pages\/2032"}],"wp:attachment":[{"href":"https:\/\/www.ibermetais.pt\/fr\/wp-json\/wp\/v2\/media?parent=2034"}],"curies":[{"name":"wp","href":"https:\/\/api.w.org\/{rel}","templated":true}]}}